{"id":3939,"date":"2024-06-04T11:14:45","date_gmt":"2024-06-04T11:14:45","guid":{"rendered":"https:\/\/athensyachts.gr\/demande-de-renseignements-contact\/"},"modified":"2024-07-26T10:53:01","modified_gmt":"2024-07-26T10:53:01","slug":"demande-de-renseignements-contact","status":"publish","type":"page","link":"https:\/\/athensyachts.gr\/fr\/demande-de-renseignements-contact\/","title":{"rendered":"Demande de renseignements Contact"},"content":{"rendered":"\t\t<div data-elementor-type=\"wp-page\" data-elementor-id=\"3939\" class=\"elementor elementor-3939 elementor-916\" data-elementor-post-type=\"page\">\n\t\t\t\t<div data-dce-background-image-url=\"https:\/\/athensyachts.gr\/wp-content\/uploads\/2024\/06\/Hero-Banner.jpg\" class=\"elementor-element elementor-element-60b01840 e-flex e-con-boxed e-con e-parent\" data-id=\"60b01840\" data-element_type=\"container\" data-e-type=\"container\" data-settings=\"{&quot;background_background&quot;:&quot;classic&quot;}\">\n\t\t\t\t\t<div class=\"e-con-inner\">\n\t\t<div class=\"elementor-element elementor-element-41c405dd e-flex e-con-boxed e-con e-child\" data-id=\"41c405dd\" data-element_type=\"container\" data-e-type=\"container\">\n\t\t\t\t\t<div class=\"e-con-inner\">\n\t\t\t\t<div data-dce-text-color=\"#FFFFFF\" class=\"elementor-element elementor-element-577bc988 elementor-invisible elementor-widget elementor-widget-text-editor\" data-id=\"577bc988\" data-element_type=\"widget\" data-e-type=\"widget\" data-settings=\"{&quot;_animation&quot;:&quot;fadeInUp&quot;}\" data-widget_type=\"text-editor.default\">\n\t\t\t\t<div class=\"elementor-widget-container\">\n\t\t\t\t\t\t\t\t\t<p>Nous sommes toujours<br \/>toujours heureux d&rsquo;avoir<br \/>de votre part<\/p>\n\t\t\t\t\t\t\t\t<\/div>\n\t\t\t\t<\/div>\n\t\t\t\t<div data-dce-text-color=\"#FFFFFF\" class=\"elementor-element elementor-element-23020cb8 elementor-invisible elementor-widget elementor-widget-text-editor\" data-id=\"23020cb8\" data-element_type=\"widget\" data-e-type=\"widget\" data-settings=\"{&quot;_animation&quot;:&quot;fadeInUp&quot;,&quot;_animation_delay&quot;:500}\" data-widget_type=\"text-editor.default\">\n\t\t\t\t<div class=\"elementor-widget-container\">\n\t\t\t\t\t\t\t\t\t<p>Prenons contact !<\/p>\n\t\t\t\t\t\t\t\t<\/div>\n\t\t\t\t<\/div>\n\t\t\t\t\t<\/div>\n\t\t\t\t<\/div>\n\t\t\t\t\t<\/div>\n\t\t\t\t<\/div>\n\t\t<div class=\"elementor-element elementor-element-cdb6336 e-flex e-con-boxed e-con e-parent\" data-id=\"cdb6336\" data-element_type=\"container\" data-e-type=\"container\">\n\t\t\t\t\t<div class=\"e-con-inner\">\n\t\t<div class=\"elementor-element elementor-element-74e03c0 e-flex e-con-boxed e-con e-child\" data-id=\"74e03c0\" data-element_type=\"container\" data-e-type=\"container\">\n\t\t\t\t\t<div class=\"e-con-inner\">\n\t\t\t\t<div data-dce-text-color=\"#051E42\" class=\"elementor-element elementor-element-e1c70ac elementor-widget elementor-widget-text-editor\" data-id=\"e1c70ac\" data-element_type=\"widget\" data-e-type=\"widget\" data-widget_type=\"text-editor.default\">\n\t\t\t\t<div class=\"elementor-widget-container\">\n\t\t\t\t\t\t\t\t\t<p>Athens Yachts Office<\/p>\n\t\t\t\t\t\t\t\t<\/div>\n\t\t\t\t<\/div>\n\t\t\t\t<div data-dce-text-color=\"#051E42\" class=\"elementor-element elementor-element-4ca8ba7 elementor-widget elementor-widget-text-editor\" data-id=\"4ca8ba7\" data-element_type=\"widget\" data-e-type=\"widget\" data-widget_type=\"text-editor.default\">\n\t\t\t\t<div class=\"elementor-widget-container\">\n\t\t\t\t\t\t\t\t\t<p>Flisvos Marina<br \/>B\u00e2timent 4<br \/>Pal\u00e9o Faliro, 17561<br \/>T\u00e9l : +30 (210) 9836918<br \/>E-mail : charter@athensyachts.gr<\/p>\n\t\t\t\t\t\t\t\t<\/div>\n\t\t\t\t<\/div>\n\t\t\t\t<div class=\"elementor-element elementor-element-d3dcc70 elementor-widget elementor-widget-text-editor\" data-id=\"d3dcc70\" data-element_type=\"widget\" data-e-type=\"widget\" data-widget_type=\"text-editor.default\">\n\t\t\t\t<div class=\"elementor-widget-container\">\n\t\t\t\t\t\t\t\t\t<p>Repr\u00e9sentation \u00e0 Duba\u00ef<\/p>\n\t\t\t\t\t\t\t\t<\/div>\n\t\t\t\t<\/div>\n\t\t\t\t<div class=\"elementor-element elementor-element-6bc22b5 elementor-widget elementor-widget-text-editor\" data-id=\"6bc22b5\" data-element_type=\"widget\" data-e-type=\"widget\" data-widget_type=\"text-editor.default\">\n\t\t\t\t<div class=\"elementor-widget-container\">\n\t\t\t\t\t\t\t\t\t<p>Tel : +971 552 087 294<br \/>E-mail : charter@athensyachts.gr<\/p>\n\t\t\t\t\t\t\t\t<\/div>\n\t\t\t\t<\/div>\n\t\t\t\t\t<\/div>\n\t\t\t\t<\/div>\n\t\t<div class=\"elementor-element elementor-element-f2ca029 e-flex e-con-boxed e-con e-child\" data-id=\"f2ca029\" data-element_type=\"container\" data-e-type=\"container\">\n\t\t\t\t\t<div class=\"e-con-inner\">\n\t\t\t\t<div class=\"elementor-element elementor-element-3fc5ee6 elementor-widget elementor-widget-shortcode\" data-id=\"3fc5ee6\" data-element_type=\"widget\" data-e-type=\"widget\" data-widget_type=\"shortcode.default\">\n\t\t\t\t<div class=\"elementor-widget-container\">\n\t\t\t\t\t\t\t<div class=\"elementor-shortcode\">\n<div class=\"wpcf7 no-js\" id=\"wpcf7-f3943-o1\" lang=\"fr-FR\" dir=\"ltr\" data-wpcf7-id=\"3943\">\n<div class=\"screen-reader-response\"><p role=\"status\" aria-live=\"polite\" aria-atomic=\"true\"><\/p> <ul><\/ul><\/div>\n<form action=\"\/fr\/wp-json\/wp\/v2\/pages\/3939#wpcf7-f3943-o1\" method=\"post\" class=\"wpcf7-form init\" aria-label=\"Formulaire de contact\" novalidate=\"novalidate\" data-status=\"init\">\n<fieldset class=\"hidden-fields-container\"><input type=\"hidden\" name=\"_wpcf7\" value=\"3943\" \/><input type=\"hidden\" name=\"_wpcf7_version\" value=\"6.1.5\" \/><input type=\"hidden\" name=\"_wpcf7_locale\" value=\"fr_FR\" \/><input type=\"hidden\" name=\"_wpcf7_unit_tag\" value=\"wpcf7-f3943-o1\" \/><input type=\"hidden\" name=\"_wpcf7_container_post\" value=\"0\" \/><input type=\"hidden\" name=\"_wpcf7_posted_data_hash\" value=\"\" \/><input type=\"hidden\" name=\"_wpcf7_recaptcha_response\" value=\"\" \/>\n<\/fieldset>\n<p><label><br \/>\n<span class=\"wpcf7-form-control-wrap\" data-name=\"your-name\"><input size=\"40\" maxlength=\"400\" class=\"wpcf7-form-control wpcf7-text wpcf7-validates-as-required\" autocomplete=\"name\" aria-required=\"true\" aria-invalid=\"false\" placeholder=\"Nom\" value=\"\" type=\"text\" name=\"your-name\" \/><\/span> <\/label>\n<\/p>\n<p><label><br \/>\n<span class=\"wpcf7-form-control-wrap\" data-name=\"your-email\"><input size=\"40\" maxlength=\"400\" class=\"wpcf7-form-control wpcf7-email wpcf7-validates-as-required wpcf7-text wpcf7-validates-as-email\" autocomplete=\"email\" aria-required=\"true\" aria-invalid=\"false\" placeholder=\"Courriel\" value=\"\" type=\"email\" name=\"your-email\" \/><\/span> <\/label>\n<\/p>\n<p><label><br \/>\n<span class=\"wpcf7-form-control-wrap\" data-name=\"yacht\"><input size=\"40\" maxlength=\"400\" class=\"wpcf7-form-control wpcf7-text wpcf7-validates-as-required\" readonly=\"readonly\" aria-required=\"true\" aria-invalid=\"false\" value=\"\" type=\"text\" name=\"yacht\" \/><\/span> <\/label>\n<\/p>\n<p><label><br \/>\n<span class=\"wpcf7-form-control-wrap\" data-name=\"your-message\"><textarea cols=\"40\" rows=\"10\" maxlength=\"2000\" class=\"wpcf7-form-control wpcf7-textarea\" aria-invalid=\"false\" placeholder=\"Votre message\" name=\"your-message\"><\/textarea><\/span> <\/label>\n<\/p>\n<p><input class=\"wpcf7-form-control wpcf7-submit has-spinner\" type=\"submit\" value=\"Submit\" \/><br \/>\n<input class=\"wpcf7-form-control wpcf7-hidden\" value=\"\" type=\"hidden\" name=\"brochure\" \/>\n<\/p><div class=\"wpcf7-response-output\" aria-hidden=\"true\"><\/div>\n<\/form>\n<\/div>\n<\/div>\n\t\t\t\t\t\t<\/div>\n\t\t\t\t<\/div>\n\t\t\t\t\t<\/div>\n\t\t\t\t<\/div>\n\t\t\t\t\t<\/div>\n\t\t\t\t<\/div>\n\t\t\t\t<\/div>\n\t\t","protected":false},"excerpt":{"rendered":"<p>Nous sommes toujourstoujours heureux d&rsquo;avoirde votre part Prenons contact ! Athens Yachts Office Flisvos MarinaB\u00e2timent 4Pal\u00e9o Faliro, 17561T\u00e9l : +30 (210) 9836918E-mail : charter@athensyachts.gr Repr\u00e9sentation \u00e0 Duba\u00ef Tel : +971 552 087 294E-mail : charter@athensyachts.gr<\/p>\n","protected":false},"author":1,"featured_media":0,"parent":0,"menu_order":0,"comment_status":"closed","ping_status":"closed","template":"elementor_theme","meta":{"_acf_changed":false,"footnotes":""},"class_list":["post-3939","page","type-page","status-publish","hentry"],"acf":[],"yoast_head":"<!-- This site is optimized with the Yoast SEO plugin v27.3 - https:\/\/yoast.com\/product\/yoast-seo-wordpress\/ -->\n<title>Demande de renseignements Contact - athensyachts<\/title>\n<meta name=\"robots\" content=\"index, follow, max-snippet:-1, max-image-preview:large, max-video-preview:-1\" \/>\n<link rel=\"canonical\" href=\"https:\/\/athensyachts.gr\/enquiry-contact\/\" \/>\n<meta property=\"og:locale\" content=\"fr_FR\" \/>\n<meta property=\"og:type\" content=\"article\" \/>\n<meta property=\"og:title\" content=\"Demande de renseignements Contact - athensyachts\" \/>\n<meta property=\"og:description\" content=\"Nous sommes toujourstoujours heureux d&rsquo;avoirde votre part Prenons contact ! Athens Yachts Office Flisvos MarinaB\u00e2timent 4Pal\u00e9o Faliro, 17561T\u00e9l : +30 (210) 9836918E-mail : charter@athensyachts.gr Repr\u00e9sentation \u00e0 Duba\u00ef Tel : +971 552 087 294E-mail : charter@athensyachts.gr\" \/>\n<meta property=\"og:url\" content=\"https:\/\/athensyachts.gr\/enquiry-contact\/\" \/>\n<meta property=\"og:site_name\" content=\"athensyachts\" \/>\n<meta property=\"article:modified_time\" content=\"2024-07-26T10:53:01+00:00\" \/>\n<meta name=\"twitter:card\" content=\"summary_large_image\" \/>\n<script type=\"application\/ld+json\" class=\"yoast-schema-graph\">{\"@context\":\"https:\\\/\\\/schema.org\",\"@graph\":[{\"@type\":\"WebPage\",\"@id\":\"https:\\\/\\\/athensyachts.gr\\\/enquiry-contact\\\/\",\"url\":\"https:\\\/\\\/athensyachts.gr\\\/enquiry-contact\\\/\",\"name\":\"Demande de renseignements Contact - athensyachts\",\"isPartOf\":{\"@id\":\"https:\\\/\\\/athensyachts.gr\\\/#website\"},\"datePublished\":\"2024-06-04T11:14:45+00:00\",\"dateModified\":\"2024-07-26T10:53:01+00:00\",\"breadcrumb\":{\"@id\":\"https:\\\/\\\/athensyachts.gr\\\/enquiry-contact\\\/#breadcrumb\"},\"inLanguage\":\"fr-FR\",\"potentialAction\":[{\"@type\":\"ReadAction\",\"target\":[\"https:\\\/\\\/athensyachts.gr\\\/enquiry-contact\\\/\"]}]},{\"@type\":\"BreadcrumbList\",\"@id\":\"https:\\\/\\\/athensyachts.gr\\\/enquiry-contact\\\/#breadcrumb\",\"itemListElement\":[{\"@type\":\"ListItem\",\"position\":1,\"name\":\"Home\",\"item\":\"https:\\\/\\\/athensyachts.gr\\\/fr\\\/\"},{\"@type\":\"ListItem\",\"position\":2,\"name\":\"Demande de renseignements Contact\"}]},{\"@type\":\"WebSite\",\"@id\":\"https:\\\/\\\/athensyachts.gr\\\/#website\",\"url\":\"https:\\\/\\\/athensyachts.gr\\\/\",\"name\":\"athensyachts\",\"description\":\"\",\"publisher\":{\"@id\":\"https:\\\/\\\/athensyachts.gr\\\/#organization\"},\"potentialAction\":[{\"@type\":\"SearchAction\",\"target\":{\"@type\":\"EntryPoint\",\"urlTemplate\":\"https:\\\/\\\/athensyachts.gr\\\/?s={search_term_string}\"},\"query-input\":{\"@type\":\"PropertyValueSpecification\",\"valueRequired\":true,\"valueName\":\"search_term_string\"}}],\"inLanguage\":\"fr-FR\"},{\"@type\":\"Organization\",\"@id\":\"https:\\\/\\\/athensyachts.gr\\\/#organization\",\"name\":\"athensyachts\",\"url\":\"https:\\\/\\\/athensyachts.gr\\\/\",\"logo\":{\"@type\":\"ImageObject\",\"inLanguage\":\"fr-FR\",\"@id\":\"https:\\\/\\\/athensyachts.gr\\\/#\\\/schema\\\/logo\\\/image\\\/\",\"url\":\"https:\\\/\\\/athensyachts.gr\\\/wp-content\\\/uploads\\\/2024\\\/03\\\/Group-1-1.svg\",\"contentUrl\":\"https:\\\/\\\/athensyachts.gr\\\/wp-content\\\/uploads\\\/2024\\\/03\\\/Group-1-1.svg\",\"width\":223,\"height\":76,\"caption\":\"athensyachts\"},\"image\":{\"@id\":\"https:\\\/\\\/athensyachts.gr\\\/#\\\/schema\\\/logo\\\/image\\\/\"}}]}<\/script>\n<!-- \/ Yoast SEO plugin. -->","yoast_head_json":{"title":"Demande de renseignements Contact - athensyachts","robots":{"index":"index","follow":"follow","max-snippet":"max-snippet:-1","max-image-preview":"max-image-preview:large","max-video-preview":"max-video-preview:-1"},"canonical":"https:\/\/athensyachts.gr\/enquiry-contact\/","og_locale":"fr_FR","og_type":"article","og_title":"Demande de renseignements Contact - athensyachts","og_description":"Nous sommes toujourstoujours heureux d&rsquo;avoirde votre part Prenons contact ! Athens Yachts Office Flisvos MarinaB\u00e2timent 4Pal\u00e9o Faliro, 17561T\u00e9l : +30 (210) 9836918E-mail : charter@athensyachts.gr Repr\u00e9sentation \u00e0 Duba\u00ef Tel : +971 552 087 294E-mail : charter@athensyachts.gr","og_url":"https:\/\/athensyachts.gr\/enquiry-contact\/","og_site_name":"athensyachts","article_modified_time":"2024-07-26T10:53:01+00:00","twitter_card":"summary_large_image","schema":{"@context":"https:\/\/schema.org","@graph":[{"@type":"WebPage","@id":"https:\/\/athensyachts.gr\/enquiry-contact\/","url":"https:\/\/athensyachts.gr\/enquiry-contact\/","name":"Demande de renseignements Contact - athensyachts","isPartOf":{"@id":"https:\/\/athensyachts.gr\/#website"},"datePublished":"2024-06-04T11:14:45+00:00","dateModified":"2024-07-26T10:53:01+00:00","breadcrumb":{"@id":"https:\/\/athensyachts.gr\/enquiry-contact\/#breadcrumb"},"inLanguage":"fr-FR","potentialAction":[{"@type":"ReadAction","target":["https:\/\/athensyachts.gr\/enquiry-contact\/"]}]},{"@type":"BreadcrumbList","@id":"https:\/\/athensyachts.gr\/enquiry-contact\/#breadcrumb","itemListElement":[{"@type":"ListItem","position":1,"name":"Home","item":"https:\/\/athensyachts.gr\/fr\/"},{"@type":"ListItem","position":2,"name":"Demande de renseignements Contact"}]},{"@type":"WebSite","@id":"https:\/\/athensyachts.gr\/#website","url":"https:\/\/athensyachts.gr\/","name":"athensyachts","description":"","publisher":{"@id":"https:\/\/athensyachts.gr\/#organization"},"potentialAction":[{"@type":"SearchAction","target":{"@type":"EntryPoint","urlTemplate":"https:\/\/athensyachts.gr\/?s={search_term_string}"},"query-input":{"@type":"PropertyValueSpecification","valueRequired":true,"valueName":"search_term_string"}}],"inLanguage":"fr-FR"},{"@type":"Organization","@id":"https:\/\/athensyachts.gr\/#organization","name":"athensyachts","url":"https:\/\/athensyachts.gr\/","logo":{"@type":"ImageObject","inLanguage":"fr-FR","@id":"https:\/\/athensyachts.gr\/#\/schema\/logo\/image\/","url":"https:\/\/athensyachts.gr\/wp-content\/uploads\/2024\/03\/Group-1-1.svg","contentUrl":"https:\/\/athensyachts.gr\/wp-content\/uploads\/2024\/03\/Group-1-1.svg","width":223,"height":76,"caption":"athensyachts"},"image":{"@id":"https:\/\/athensyachts.gr\/#\/schema\/logo\/image\/"}}]}},"_links":{"self":[{"href":"https:\/\/athensyachts.gr\/fr\/wp-json\/wp\/v2\/pages\/3939","targetHints":{"allow":["GET"]}}],"collection":[{"href":"https:\/\/athensyachts.gr\/fr\/wp-json\/wp\/v2\/pages"}],"about":[{"href":"https:\/\/athensyachts.gr\/fr\/wp-json\/wp\/v2\/types\/page"}],"author":[{"embeddable":true,"href":"https:\/\/athensyachts.gr\/fr\/wp-json\/wp\/v2\/users\/1"}],"replies":[{"embeddable":true,"href":"https:\/\/athensyachts.gr\/fr\/wp-json\/wp\/v2\/comments?post=3939"}],"version-history":[{"count":1,"href":"https:\/\/athensyachts.gr\/fr\/wp-json\/wp\/v2\/pages\/3939\/revisions"}],"predecessor-version":[{"id":3940,"href":"https:\/\/athensyachts.gr\/fr\/wp-json\/wp\/v2\/pages\/3939\/revisions\/3940"}],"wp:attachment":[{"href":"https:\/\/athensyachts.gr\/fr\/wp-json\/wp\/v2\/media?parent=3939"}],"curies":[{"name":"wp","href":"https:\/\/api.w.org\/{rel}","templated":true}]}}