{"id":3873,"date":"2024-04-30T10:51:14","date_gmt":"2024-04-30T10:51:14","guid":{"rendered":"https:\/\/athensyachts.gr\/cote-dazur\/"},"modified":"2026-02-04T18:37:01","modified_gmt":"2026-02-04T18:37:01","slug":"cote-dazur","status":"publish","type":"page","link":"https:\/\/athensyachts.gr\/fr\/cote-dazur\/","title":{"rendered":"C\u00f4te d&rsquo;Azur"},"content":{"rendered":"\t\t<div data-elementor-type=\"wp-page\" data-elementor-id=\"3873\" class=\"elementor elementor-3873 elementor-129\" data-elementor-post-type=\"page\">\n\t\t\t\t<div data-dce-background-image-url=\"https:\/\/athensyachts.gr\/wp-content\/uploads\/2024\/04\/shutterstock_1019608150-2-scaled.jpg\" class=\"elementor-element elementor-element-1e9d8df5 e-flex e-con-boxed e-con e-parent\" data-id=\"1e9d8df5\" data-element_type=\"container\" data-e-type=\"container\" data-settings=\"{&quot;background_background&quot;:&quot;classic&quot;}\">\n\t\t\t\t\t<div class=\"e-con-inner\">\n\t\t<div class=\"elementor-element elementor-element-90e5c5 e-flex e-con-boxed e-con e-child\" data-id=\"90e5c5\" data-element_type=\"container\" data-e-type=\"container\">\n\t\t\t\t\t<div class=\"e-con-inner\">\n\t\t\t\t<div data-dce-text-color=\"#FFFFFF\" class=\"elementor-element elementor-element-7afd96f3 elementor-hidden-desktop elementor-hidden-tablet elementor-hidden-mobile elementor-invisible elementor-widget elementor-widget-text-editor\" data-id=\"7afd96f3\" data-element_type=\"widget\" data-e-type=\"widget\" data-settings=\"{&quot;_animation&quot;:&quot;fadeInUp&quot;}\" data-widget_type=\"text-editor.default\">\n\t\t\t\t<div class=\"elementor-widget-container\">\n\t\t\t\t\t\t\t\t\t<p>Nous n&rsquo;imaginons pas le luxe, nous le cr\u00e9ons.<\/p>\t\t\t\t\t\t\t\t<\/div>\n\t\t\t\t<\/div>\n\t\t\t\t<div data-dce-background-color=\"#FFFFFF00\" class=\"elementor-element elementor-element-8682683 elementor-invisible elementor-widget elementor-widget-button\" data-id=\"8682683\" data-element_type=\"widget\" data-e-type=\"widget\" data-settings=\"{&quot;_animation&quot;:&quot;fadeInUp&quot;}\" data-widget_type=\"button.default\">\n\t\t\t\t<div class=\"elementor-widget-container\">\n\t\t\t\t\t\t\t\t\t<div class=\"elementor-button-wrapper\">\n\t\t\t\t\t<a class=\"elementor-button elementor-button-link elementor-size-sm\" href=\"https:\/\/athensyachts.gr\/fr\/contact\/\">\n\t\t\t\t\t\t<span class=\"elementor-button-content-wrapper\">\n\t\t\t\t\t\t<span class=\"elementor-button-icon\">\n\t\t\t\t<svg xmlns=\"http:\/\/www.w3.org\/2000\/svg\" width=\"18\" height=\"12\" viewBox=\"0 0 18 12\" fill=\"none\"><g clip-path=\"url(#clip0_1929_128)\"><path d=\"M12 12C12 8.68629 14.6863 6 18 6\" stroke=\"white\" stroke-width=\"1.5\"><\/path><path d=\"M12 0C12 3.31371 14.6863 6 18 6\" stroke=\"white\" stroke-width=\"1.5\"><\/path><path d=\"M18 6H0\" stroke=\"white\" stroke-width=\"1.5\"><\/path><\/g><defs><clipPath id=\"clip0_1929_128\"><rect width=\"18\" height=\"12\" fill=\"white\"><\/rect><\/clipPath><\/defs><\/svg>\t\t\t<\/span>\n\t\t\t\t\t\t\t\t\t<span class=\"elementor-button-text\">Contactez nous<\/span>\n\t\t\t\t\t<\/span>\n\t\t\t\t\t<\/a>\n\t\t\t\t<\/div>\n\t\t\t\t\t\t\t\t<\/div>\n\t\t\t\t<\/div>\n\t\t\t\t\t<\/div>\n\t\t\t\t<\/div>\n\t\t\t\t\t<\/div>\n\t\t\t\t<\/div>\n\t\t<div class=\"elementor-element elementor-element-2f1d4277 e-flex e-con-boxed e-con e-parent\" data-id=\"2f1d4277\" data-element_type=\"container\" data-e-type=\"container\">\n\t\t\t\t\t<div class=\"e-con-inner\">\n\t\t\t\t<div data-dce-text-color=\"#051E42\" class=\"elementor-element elementor-element-3940cee9 elementor-widget elementor-widget-text-editor\" data-id=\"3940cee9\" data-element_type=\"widget\" data-e-type=\"widget\" data-widget_type=\"text-editor.default\">\n\t\t\t\t<div class=\"elementor-widget-container\">\n\t\t\t\t\t\t\t\t\t<div id=\"content-inspection-panel\" class=\"raw_components--panel--0lt3E inspect_panels--inspectionPanelNoPadding--akqko\" tabindex=\"-1\" data-testid=\"content-inspection-panel\" data-non-interactive=\"true\"><div><div class=\"content_panel--contentPanel--mOfKM\"><div class=\"content_panel--contentPanelContents--efLaM text--fontPos11--2LvXf text--_fontBase--QdLsd\"><h2 class=\"content_panel--textContent--uGoXz common--well--J0WtH\" dir=\"auto\" data-testid=\"textContent\">Promenez-vous dans la haute soci\u00e9t\u00e9 et d\u00e9couvrez la C\u00f4te d&rsquo;Azur depuis le confort de votre propre yacht, qui vous emm\u00e8nera \u00e0 votre guise.<\/h2><\/div><\/div><\/div><\/div>\t\t\t\t\t\t\t\t<\/div>\n\t\t\t\t<\/div>\n\t\t\t\t\t<\/div>\n\t\t\t\t<\/div>\n\t\t<div class=\"elementor-element elementor-element-ddb865d e-flex e-con-boxed elementor-invisible e-con e-parent\" data-id=\"ddb865d\" data-element_type=\"container\" data-e-type=\"container\" data-settings=\"{&quot;animation&quot;:&quot;fadeInUp&quot;}\">\n\t\t\t\t\t<div class=\"e-con-inner\">\n\t\t<div class=\"elementor-element elementor-element-2a9b92e e-flex e-con-boxed e-con e-child\" data-id=\"2a9b92e\" data-element_type=\"container\" data-e-type=\"container\">\n\t\t\t\t\t<div class=\"e-con-inner\">\n\t\t\t\t<div class=\"elementor-element elementor-element-22e5ce5 dce_masking-none elementor-widget elementor-widget-image\" data-id=\"22e5ce5\" data-element_type=\"widget\" data-e-type=\"widget\" data-widget_type=\"image.default\">\n\t\t\t\t<div class=\"elementor-widget-container\">\n\t\t\t\t\t\t\t\t\t\t\t\t\t\t\t<img fetchpriority=\"high\" decoding=\"async\" width=\"1920\" height=\"1084\" src=\"https:\/\/athensyachts.gr\/wp-content\/uploads\/2024\/04\/shutterstock_367170923-1.jpg\" class=\"attachment-full size-full wp-image-971\" alt=\"\" srcset=\"https:\/\/athensyachts.gr\/wp-content\/uploads\/2024\/04\/shutterstock_367170923-1.jpg 1920w, https:\/\/athensyachts.gr\/wp-content\/uploads\/2024\/04\/shutterstock_367170923-1-600x339.jpg 600w, https:\/\/athensyachts.gr\/wp-content\/uploads\/2024\/04\/shutterstock_367170923-1-300x169.jpg 300w, https:\/\/athensyachts.gr\/wp-content\/uploads\/2024\/04\/shutterstock_367170923-1-1024x578.jpg 1024w, https:\/\/athensyachts.gr\/wp-content\/uploads\/2024\/04\/shutterstock_367170923-1-768x434.jpg 768w, https:\/\/athensyachts.gr\/wp-content\/uploads\/2024\/04\/shutterstock_367170923-1-1536x867.jpg 1536w\" sizes=\"(max-width: 1920px) 100vw, 1920px\" \/>\t\t\t\t\t\t\t\t\t\t\t\t\t\t\t<\/div>\n\t\t\t\t<\/div>\n\t\t\t\t\t<\/div>\n\t\t\t\t<\/div>\n\t\t<div class=\"elementor-element elementor-element-25a089a e-flex e-con-boxed e-con e-child\" data-id=\"25a089a\" data-element_type=\"container\" data-e-type=\"container\">\n\t\t\t\t\t<div class=\"e-con-inner\">\n\t\t\t\t<div class=\"elementor-element elementor-element-c68aa51 elementor-widget__width-initial elementor-widget elementor-widget-text-editor\" data-id=\"c68aa51\" data-element_type=\"widget\" data-e-type=\"widget\" data-widget_type=\"text-editor.default\">\n\t\t\t\t<div class=\"elementor-widget-container\">\n\t\t\t\t\t\t\t\t\t<p>Si vous avez envie d&rsquo;extravagance, laissez-nous vous embarquer sur un yacht \u00e9blouissant dans l&rsquo;ambiance captivante des villes cossues de la C\u00f4te d&rsquo;Azur, des boutiques de cr\u00e9ateurs chics et de la cuisine de classe A. Des vagues douces vous am\u00e8neront dans des villages historiques profond\u00e9ment grav\u00e9s, o\u00f9 l&rsquo;architecture magnifique et la nature vous laisseront certainement en haleine.<\/p><p>La C\u00f4te d&rsquo;Azur attire l&rsquo;\u00e9lite mondiale depuis le XVIIIe si\u00e8cle. Son charme ne r\u00e9side pas seulement dans ses paysages \u00e9poustouflants, mais aussi dans son importance historique en tant que terrain de jeu pour les artistes, les \u00e9crivains et les aristocrates au fil des ans. <\/p>\t\t\t\t\t\t\t\t<\/div>\n\t\t\t\t<\/div>\n\t\t\t\t\t<\/div>\n\t\t\t\t<\/div>\n\t\t\t\t\t<\/div>\n\t\t\t\t<\/div>\n\t\t<div class=\"elementor-element elementor-element-dd8c6c3 e-flex e-con-boxed elementor-invisible e-con e-parent\" data-id=\"dd8c6c3\" data-element_type=\"container\" data-e-type=\"container\" data-settings=\"{&quot;animation&quot;:&quot;fadeInUp&quot;}\">\n\t\t\t\t\t<div class=\"e-con-inner\">\n\t\t<div class=\"elementor-element elementor-element-59d3ec02 e-flex e-con-boxed e-con e-child\" data-id=\"59d3ec02\" data-element_type=\"container\" data-e-type=\"container\">\n\t\t\t\t\t<div class=\"e-con-inner\">\n\t\t\t\t<div class=\"elementor-element elementor-element-7dc06cd dce_masking-none elementor-widget elementor-widget-image\" data-id=\"7dc06cd\" data-element_type=\"widget\" data-e-type=\"widget\" data-widget_type=\"image.default\">\n\t\t\t\t<div class=\"elementor-widget-container\">\n\t\t\t\t\t\t\t\t\t\t\t\t\t\t\t<img decoding=\"async\" width=\"1920\" height=\"1084\" src=\"https:\/\/athensyachts.gr\/wp-content\/uploads\/2024\/04\/shutterstock_1962082816-1.png\" class=\"attachment-full size-full wp-image-969\" alt=\"\" srcset=\"https:\/\/athensyachts.gr\/wp-content\/uploads\/2024\/04\/shutterstock_1962082816-1.png 1920w, https:\/\/athensyachts.gr\/wp-content\/uploads\/2024\/04\/shutterstock_1962082816-1-600x339.png 600w, https:\/\/athensyachts.gr\/wp-content\/uploads\/2024\/04\/shutterstock_1962082816-1-300x169.png 300w, https:\/\/athensyachts.gr\/wp-content\/uploads\/2024\/04\/shutterstock_1962082816-1-1024x578.png 1024w, https:\/\/athensyachts.gr\/wp-content\/uploads\/2024\/04\/shutterstock_1962082816-1-768x434.png 768w, https:\/\/athensyachts.gr\/wp-content\/uploads\/2024\/04\/shutterstock_1962082816-1-1536x867.png 1536w\" sizes=\"(max-width: 1920px) 100vw, 1920px\" \/>\t\t\t\t\t\t\t\t\t\t\t\t\t\t\t<\/div>\n\t\t\t\t<\/div>\n\t\t\t\t\t<\/div>\n\t\t\t\t<\/div>\n\t\t<div class=\"elementor-element elementor-element-5750720b e-flex e-con-boxed e-con e-child\" data-id=\"5750720b\" data-element_type=\"container\" data-e-type=\"container\">\n\t\t\t\t\t<div class=\"e-con-inner\">\n\t\t\t\t<div class=\"elementor-element elementor-element-38e0f9e5 elementor-widget__width-initial elementor-widget elementor-widget-text-editor\" data-id=\"38e0f9e5\" data-element_type=\"widget\" data-e-type=\"widget\" data-widget_type=\"text-editor.default\">\n\t\t\t\t<div class=\"elementor-widget-container\">\n\t\t\t\t\t\t\t\t\t<p>Adoptez la vie cosmopolite de la jet set et naviguez sur le littoral de la C\u00f4te d&rsquo;Azur. Naviguez dans des marinas pittoresques et choisissez votre destination. De la l\u00e9gendaire Saint-Tropez, o\u00f9 la royaut\u00e9 hollywoodienne et la jet-set internationale se retrouvent, au glamour sophistiqu\u00e9 de Cannes, qui accueille l&#8217;embl\u00e9matique Festival du film, en passant par le captivant port de Nice, encadr\u00e9 par la Promenade des Anglais. Explorez les rues anciennes d&rsquo;Antibes, entour\u00e9es de remparts du XVIe si\u00e8cle et de l&rsquo;h\u00e9ritage artistique de Picasso. Chaque \u00e9tape promet un raffinement indulgent.    <\/p><p>Ce voyage vous offrira de nombreux plaisirs et vous laissera stup\u00e9fait par les paysages \u00e9tonnants et le temps splendide. Faites l&rsquo;exp\u00e9rience de diverses cultures, toutes d\u00e9sireuses d&rsquo;explorer la magnificence de la M\u00e9diterran\u00e9e occidentale et de son aristocratie. <\/p>\t\t\t\t\t\t\t\t<\/div>\n\t\t\t\t<\/div>\n\t\t\t\t\t<\/div>\n\t\t\t\t<\/div>\n\t\t\t\t\t<\/div>\n\t\t\t\t<\/div>\n\t\t\t\t<\/div>\n\t\t","protected":false},"excerpt":{"rendered":"<p>Nous n&rsquo;imaginons pas le luxe, nous le cr\u00e9ons. Contactez nous Promenez-vous dans la haute soci\u00e9t\u00e9 et d\u00e9couvrez la C\u00f4te d&rsquo;Azur depuis le confort de votre propre yacht, qui vous emm\u00e8nera \u00e0 votre guise. Si vous avez envie d&rsquo;extravagance, laissez-nous vous embarquer sur un yacht \u00e9blouissant dans l&rsquo;ambiance captivante des villes cossues de la C\u00f4te d&rsquo;Azur, [&hellip;]<\/p>\n","protected":false},"author":1,"featured_media":0,"parent":0,"menu_order":0,"comment_status":"closed","ping_status":"closed","template":"elementor_theme","meta":{"_acf_changed":false,"footnotes":""},"class_list":["post-3873","page","type-page","status-publish","hentry"],"acf":[],"yoast_head":"<!-- This site is optimized with the Yoast SEO plugin v27.3 - https:\/\/yoast.com\/product\/yoast-seo-wordpress\/ -->\n<title>C\u00f4te d&#039;Azur - athensyachts<\/title>\n<meta name=\"robots\" content=\"index, follow, max-snippet:-1, max-image-preview:large, max-video-preview:-1\" \/>\n<link rel=\"canonical\" href=\"https:\/\/athensyachts.gr\/fr\/cote-dazur\/\" \/>\n<meta property=\"og:locale\" content=\"fr_FR\" \/>\n<meta property=\"og:type\" content=\"article\" \/>\n<meta property=\"og:title\" content=\"C\u00f4te d&#039;Azur - athensyachts\" \/>\n<meta property=\"og:description\" content=\"Nous n&rsquo;imaginons pas le luxe, nous le cr\u00e9ons. Contactez nous Promenez-vous dans la haute soci\u00e9t\u00e9 et d\u00e9couvrez la C\u00f4te d&rsquo;Azur depuis le confort de votre propre yacht, qui vous emm\u00e8nera \u00e0 votre guise. Si vous avez envie d&rsquo;extravagance, laissez-nous vous embarquer sur un yacht \u00e9blouissant dans l&rsquo;ambiance captivante des villes cossues de la C\u00f4te d&rsquo;Azur, [&hellip;]\" \/>\n<meta property=\"og:url\" content=\"https:\/\/athensyachts.gr\/fr\/cote-dazur\/\" \/>\n<meta property=\"og:site_name\" content=\"athensyachts\" \/>\n<meta property=\"article:modified_time\" content=\"2026-02-04T18:37:01+00:00\" \/>\n<meta property=\"og:image\" content=\"https:\/\/athensyachts.gr\/wp-content\/uploads\/2024\/04\/shutterstock_367170923-1.jpg\" \/>\n<meta name=\"twitter:card\" content=\"summary_large_image\" \/>\n<meta name=\"twitter:label1\" content=\"Dur\u00e9e de lecture estim\u00e9e\" \/>\n\t<meta name=\"twitter:data1\" content=\"1 minute\" \/>\n<script type=\"application\/ld+json\" class=\"yoast-schema-graph\">{\"@context\":\"https:\\\/\\\/schema.org\",\"@graph\":[{\"@type\":\"WebPage\",\"@id\":\"https:\\\/\\\/athensyachts.gr\\\/fr\\\/cote-dazur\\\/\",\"url\":\"https:\\\/\\\/athensyachts.gr\\\/fr\\\/cote-dazur\\\/\",\"name\":\"C\u00f4te d'Azur - athensyachts\",\"isPartOf\":{\"@id\":\"https:\\\/\\\/athensyachts.gr\\\/#website\"},\"primaryImageOfPage\":{\"@id\":\"https:\\\/\\\/athensyachts.gr\\\/fr\\\/cote-dazur\\\/#primaryimage\"},\"image\":{\"@id\":\"https:\\\/\\\/athensyachts.gr\\\/fr\\\/cote-dazur\\\/#primaryimage\"},\"thumbnailUrl\":\"https:\\\/\\\/athensyachts.gr\\\/wp-content\\\/uploads\\\/2024\\\/04\\\/shutterstock_367170923-1.jpg\",\"datePublished\":\"2024-04-30T10:51:14+00:00\",\"dateModified\":\"2026-02-04T18:37:01+00:00\",\"breadcrumb\":{\"@id\":\"https:\\\/\\\/athensyachts.gr\\\/fr\\\/cote-dazur\\\/#breadcrumb\"},\"inLanguage\":\"fr-FR\",\"potentialAction\":[{\"@type\":\"ReadAction\",\"target\":[\"https:\\\/\\\/athensyachts.gr\\\/fr\\\/cote-dazur\\\/\"]}]},{\"@type\":\"ImageObject\",\"inLanguage\":\"fr-FR\",\"@id\":\"https:\\\/\\\/athensyachts.gr\\\/fr\\\/cote-dazur\\\/#primaryimage\",\"url\":\"https:\\\/\\\/athensyachts.gr\\\/wp-content\\\/uploads\\\/2024\\\/04\\\/shutterstock_367170923-1.jpg\",\"contentUrl\":\"https:\\\/\\\/athensyachts.gr\\\/wp-content\\\/uploads\\\/2024\\\/04\\\/shutterstock_367170923-1.jpg\"},{\"@type\":\"BreadcrumbList\",\"@id\":\"https:\\\/\\\/athensyachts.gr\\\/fr\\\/cote-dazur\\\/#breadcrumb\",\"itemListElement\":[{\"@type\":\"ListItem\",\"position\":1,\"name\":\"Home\",\"item\":\"https:\\\/\\\/athensyachts.gr\\\/fr\\\/\"},{\"@type\":\"ListItem\",\"position\":2,\"name\":\"C\u00f4te d&#8217;Azur\"}]},{\"@type\":\"WebSite\",\"@id\":\"https:\\\/\\\/athensyachts.gr\\\/#website\",\"url\":\"https:\\\/\\\/athensyachts.gr\\\/\",\"name\":\"athensyachts\",\"description\":\"\",\"publisher\":{\"@id\":\"https:\\\/\\\/athensyachts.gr\\\/#organization\"},\"potentialAction\":[{\"@type\":\"SearchAction\",\"target\":{\"@type\":\"EntryPoint\",\"urlTemplate\":\"https:\\\/\\\/athensyachts.gr\\\/?s={search_term_string}\"},\"query-input\":{\"@type\":\"PropertyValueSpecification\",\"valueRequired\":true,\"valueName\":\"search_term_string\"}}],\"inLanguage\":\"fr-FR\"},{\"@type\":\"Organization\",\"@id\":\"https:\\\/\\\/athensyachts.gr\\\/#organization\",\"name\":\"athensyachts\",\"url\":\"https:\\\/\\\/athensyachts.gr\\\/\",\"logo\":{\"@type\":\"ImageObject\",\"inLanguage\":\"fr-FR\",\"@id\":\"https:\\\/\\\/athensyachts.gr\\\/#\\\/schema\\\/logo\\\/image\\\/\",\"url\":\"https:\\\/\\\/athensyachts.gr\\\/wp-content\\\/uploads\\\/2024\\\/03\\\/Group-1-1.svg\",\"contentUrl\":\"https:\\\/\\\/athensyachts.gr\\\/wp-content\\\/uploads\\\/2024\\\/03\\\/Group-1-1.svg\",\"width\":223,\"height\":76,\"caption\":\"athensyachts\"},\"image\":{\"@id\":\"https:\\\/\\\/athensyachts.gr\\\/#\\\/schema\\\/logo\\\/image\\\/\"}}]}<\/script>\n<!-- \/ Yoast SEO plugin. -->","yoast_head_json":{"title":"C\u00f4te d'Azur - athensyachts","robots":{"index":"index","follow":"follow","max-snippet":"max-snippet:-1","max-image-preview":"max-image-preview:large","max-video-preview":"max-video-preview:-1"},"canonical":"https:\/\/athensyachts.gr\/fr\/cote-dazur\/","og_locale":"fr_FR","og_type":"article","og_title":"C\u00f4te d'Azur - athensyachts","og_description":"Nous n&rsquo;imaginons pas le luxe, nous le cr\u00e9ons. Contactez nous Promenez-vous dans la haute soci\u00e9t\u00e9 et d\u00e9couvrez la C\u00f4te d&rsquo;Azur depuis le confort de votre propre yacht, qui vous emm\u00e8nera \u00e0 votre guise. Si vous avez envie d&rsquo;extravagance, laissez-nous vous embarquer sur un yacht \u00e9blouissant dans l&rsquo;ambiance captivante des villes cossues de la C\u00f4te d&rsquo;Azur, [&hellip;]","og_url":"https:\/\/athensyachts.gr\/fr\/cote-dazur\/","og_site_name":"athensyachts","article_modified_time":"2026-02-04T18:37:01+00:00","og_image":[{"url":"https:\/\/athensyachts.gr\/wp-content\/uploads\/2024\/04\/shutterstock_367170923-1.jpg","type":"","width":"","height":""}],"twitter_card":"summary_large_image","twitter_misc":{"Dur\u00e9e de lecture estim\u00e9e":"1 minute"},"schema":{"@context":"https:\/\/schema.org","@graph":[{"@type":"WebPage","@id":"https:\/\/athensyachts.gr\/fr\/cote-dazur\/","url":"https:\/\/athensyachts.gr\/fr\/cote-dazur\/","name":"C\u00f4te d'Azur - athensyachts","isPartOf":{"@id":"https:\/\/athensyachts.gr\/#website"},"primaryImageOfPage":{"@id":"https:\/\/athensyachts.gr\/fr\/cote-dazur\/#primaryimage"},"image":{"@id":"https:\/\/athensyachts.gr\/fr\/cote-dazur\/#primaryimage"},"thumbnailUrl":"https:\/\/athensyachts.gr\/wp-content\/uploads\/2024\/04\/shutterstock_367170923-1.jpg","datePublished":"2024-04-30T10:51:14+00:00","dateModified":"2026-02-04T18:37:01+00:00","breadcrumb":{"@id":"https:\/\/athensyachts.gr\/fr\/cote-dazur\/#breadcrumb"},"inLanguage":"fr-FR","potentialAction":[{"@type":"ReadAction","target":["https:\/\/athensyachts.gr\/fr\/cote-dazur\/"]}]},{"@type":"ImageObject","inLanguage":"fr-FR","@id":"https:\/\/athensyachts.gr\/fr\/cote-dazur\/#primaryimage","url":"https:\/\/athensyachts.gr\/wp-content\/uploads\/2024\/04\/shutterstock_367170923-1.jpg","contentUrl":"https:\/\/athensyachts.gr\/wp-content\/uploads\/2024\/04\/shutterstock_367170923-1.jpg"},{"@type":"BreadcrumbList","@id":"https:\/\/athensyachts.gr\/fr\/cote-dazur\/#breadcrumb","itemListElement":[{"@type":"ListItem","position":1,"name":"Home","item":"https:\/\/athensyachts.gr\/fr\/"},{"@type":"ListItem","position":2,"name":"C\u00f4te d&#8217;Azur"}]},{"@type":"WebSite","@id":"https:\/\/athensyachts.gr\/#website","url":"https:\/\/athensyachts.gr\/","name":"athensyachts","description":"","publisher":{"@id":"https:\/\/athensyachts.gr\/#organization"},"potentialAction":[{"@type":"SearchAction","target":{"@type":"EntryPoint","urlTemplate":"https:\/\/athensyachts.gr\/?s={search_term_string}"},"query-input":{"@type":"PropertyValueSpecification","valueRequired":true,"valueName":"search_term_string"}}],"inLanguage":"fr-FR"},{"@type":"Organization","@id":"https:\/\/athensyachts.gr\/#organization","name":"athensyachts","url":"https:\/\/athensyachts.gr\/","logo":{"@type":"ImageObject","inLanguage":"fr-FR","@id":"https:\/\/athensyachts.gr\/#\/schema\/logo\/image\/","url":"https:\/\/athensyachts.gr\/wp-content\/uploads\/2024\/03\/Group-1-1.svg","contentUrl":"https:\/\/athensyachts.gr\/wp-content\/uploads\/2024\/03\/Group-1-1.svg","width":223,"height":76,"caption":"athensyachts"},"image":{"@id":"https:\/\/athensyachts.gr\/#\/schema\/logo\/image\/"}}]}},"_links":{"self":[{"href":"https:\/\/athensyachts.gr\/fr\/wp-json\/wp\/v2\/pages\/3873","targetHints":{"allow":["GET"]}}],"collection":[{"href":"https:\/\/athensyachts.gr\/fr\/wp-json\/wp\/v2\/pages"}],"about":[{"href":"https:\/\/athensyachts.gr\/fr\/wp-json\/wp\/v2\/types\/page"}],"author":[{"embeddable":true,"href":"https:\/\/athensyachts.gr\/fr\/wp-json\/wp\/v2\/users\/1"}],"replies":[{"embeddable":true,"href":"https:\/\/athensyachts.gr\/fr\/wp-json\/wp\/v2\/comments?post=3873"}],"version-history":[{"count":5,"href":"https:\/\/athensyachts.gr\/fr\/wp-json\/wp\/v2\/pages\/3873\/revisions"}],"predecessor-version":[{"id":9406,"href":"https:\/\/athensyachts.gr\/fr\/wp-json\/wp\/v2\/pages\/3873\/revisions\/9406"}],"wp:attachment":[{"href":"https:\/\/athensyachts.gr\/fr\/wp-json\/wp\/v2\/media?parent=3873"}],"curies":[{"name":"wp","href":"https:\/\/api.w.org\/{rel}","templated":true}]}}