{"id":3871,"date":"2024-05-16T10:18:17","date_gmt":"2024-05-16T10:18:17","guid":{"rendered":"https:\/\/athensyachts.gr\/vente-de-yachts-de-luxe\/"},"modified":"2026-02-04T18:54:34","modified_gmt":"2026-02-04T18:54:34","slug":"vente-de-yachts-de-luxe","status":"publish","type":"page","link":"https:\/\/athensyachts.gr\/fr\/vente-de-yachts-de-luxe\/","title":{"rendered":"Vente de yachts de luxe"},"content":{"rendered":"\t\t<div data-elementor-type=\"wp-page\" data-elementor-id=\"3871\" class=\"elementor elementor-3871 elementor-459\" data-elementor-post-type=\"page\">\n\t\t\t\t<div data-dce-background-image-url=\"https:\/\/athensyachts.gr\/wp-content\/uploads\/2024\/06\/Hero-Banner-4.jpg\" class=\"elementor-element elementor-element-30e82c72 e-flex e-con-boxed e-con e-parent\" data-id=\"30e82c72\" data-element_type=\"container\" data-e-type=\"container\" data-settings=\"{&quot;background_background&quot;:&quot;classic&quot;}\">\n\t\t\t\t\t<div class=\"e-con-inner\">\n\t\t<div class=\"elementor-element elementor-element-1e6081c e-flex e-con-boxed e-con e-child\" data-id=\"1e6081c\" data-element_type=\"container\" data-e-type=\"container\">\n\t\t\t\t\t<div class=\"e-con-inner\">\n\t\t\t\t<div data-dce-text-color=\"#FFFFFF\" class=\"elementor-element elementor-element-642e2fb8 elementor-invisible elementor-widget elementor-widget-text-editor\" data-id=\"642e2fb8\" data-element_type=\"widget\" data-e-type=\"widget\" data-settings=\"{&quot;_animation&quot;:&quot;fadeInUp&quot;}\" data-widget_type=\"text-editor.default\">\n\t\t\t\t<div class=\"elementor-widget-container\">\n\t\t\t\t\t\t\t\t\t<p>Vente<\/p>\t\t\t\t\t\t\t\t<\/div>\n\t\t\t\t<\/div>\n\t\t\t\t<div data-dce-text-color=\"#FFFFFF\" class=\"elementor-element elementor-element-5911d033 elementor-widget__width-initial elementor-invisible elementor-widget elementor-widget-text-editor\" data-id=\"5911d033\" data-element_type=\"widget\" data-e-type=\"widget\" data-settings=\"{&quot;_animation&quot;:&quot;fadeInUp&quot;}\" data-widget_type=\"text-editor.default\">\n\t\t\t\t<div class=\"elementor-widget-container\">\n\t\t\t\t\t\t\t\t\t<p>Notre \u00e9quipe d&rsquo;experts en yachts s&rsquo;engage \u00e0 garantir une exp\u00e9rience de vente et d&rsquo;achat personnalis\u00e9e. Que vous recherchiez un yacht \u00e9l\u00e9gant et sportif pour des aventures exaltantes ou un yacht de d\u00e9placement luxueux et confortable, nous avons acc\u00e8s \u00e0 des yachts de tous types dans le monde entier, \u00e0 la fois en vente et en achat. <\/p>\t\t\t\t\t\t\t\t<\/div>\n\t\t\t\t<\/div>\n\t\t\t\t<div class=\"elementor-element elementor-element-e0c28ec elementor-invisible elementor-widget elementor-widget-button\" data-id=\"e0c28ec\" data-element_type=\"widget\" data-e-type=\"widget\" data-settings=\"{&quot;_animation&quot;:&quot;fadeInUp&quot;}\" data-widget_type=\"button.default\">\n\t\t\t\t<div class=\"elementor-widget-container\">\n\t\t\t\t\t\t\t\t\t<div class=\"elementor-button-wrapper\">\n\t\t\t\t\t<a class=\"elementor-button elementor-button-link elementor-size-sm\" href=\"https:\/\/athensyachts.gr\/fr\/contact\/\">\n\t\t\t\t\t\t<span class=\"elementor-button-content-wrapper\">\n\t\t\t\t\t\t<span class=\"elementor-button-icon\">\n\t\t\t\t<svg xmlns=\"http:\/\/www.w3.org\/2000\/svg\" width=\"18\" height=\"12\" viewBox=\"0 0 18 12\" fill=\"none\"><g clip-path=\"url(#clip0_1929_128)\"><path d=\"M12 12C12 8.68629 14.6863 6 18 6\" stroke=\"white\" stroke-width=\"1.5\"><\/path><path d=\"M12 0C12 3.31371 14.6863 6 18 6\" stroke=\"white\" stroke-width=\"1.5\"><\/path><path d=\"M18 6H0\" stroke=\"white\" stroke-width=\"1.5\"><\/path><\/g><defs><clipPath id=\"clip0_1929_128\"><rect width=\"18\" height=\"12\" fill=\"white\"><\/rect><\/clipPath><\/defs><\/svg>\t\t\t<\/span>\n\t\t\t\t\t\t\t\t\t<span class=\"elementor-button-text\">Contactez nous<\/span>\n\t\t\t\t\t<\/span>\n\t\t\t\t\t<\/a>\n\t\t\t\t<\/div>\n\t\t\t\t\t\t\t\t<\/div>\n\t\t\t\t<\/div>\n\t\t\t\t\t<\/div>\n\t\t\t\t<\/div>\n\t\t\t\t\t<\/div>\n\t\t\t\t<\/div>\n\t\t<div class=\"elementor-element elementor-element-627e4fc e-flex e-con-boxed e-con e-parent\" data-id=\"627e4fc\" data-element_type=\"container\" data-e-type=\"container\">\n\t\t\t\t\t<div class=\"e-con-inner\">\n\t\t<div class=\"elementor-element elementor-element-c304bf7 e-flex e-con-boxed e-con e-child\" data-id=\"c304bf7\" data-element_type=\"container\" data-e-type=\"container\">\n\t\t\t\t\t<div class=\"e-con-inner\">\n\t\t\t\t<div data-dce-text-color=\"#051E42\" class=\"elementor-element elementor-element-378b21c elementor-widget elementor-widget-text-editor\" data-id=\"378b21c\" data-element_type=\"widget\" data-e-type=\"widget\" data-widget_type=\"text-editor.default\">\n\t\t\t\t<div class=\"elementor-widget-container\">\n\t\t\t\t\t\t\t\t\t<h3>Achat d&rsquo;un yacht<br>Assistance<\/h3>\t\t\t\t\t\t\t\t<\/div>\n\t\t\t\t<\/div>\n\t\t\t\t\t<\/div>\n\t\t\t\t<\/div>\n\t\t<div class=\"elementor-element elementor-element-71c936c e-flex e-con-boxed e-con e-child\" data-id=\"71c936c\" data-element_type=\"container\" data-e-type=\"container\">\n\t\t\t\t\t<div class=\"e-con-inner\">\n\t\t\t\t<div data-dce-text-color=\"#051E42\" class=\"elementor-element elementor-element-724c1ca elementor-widget elementor-widget-text-editor\" data-id=\"724c1ca\" data-element_type=\"widget\" data-e-type=\"widget\" data-widget_type=\"text-editor.default\">\n\t\t\t\t<div class=\"elementor-widget-container\">\n\t\t\t\t\t\t\t\t\t<p>Naviguer sur les mers de l&rsquo;acquisition d&rsquo;un yacht peut \u00eatre une entreprise complexe, mais avec Athens Yachts, cela devient un plaisir. Notre \u00e9quipe de professionnels est pr\u00eate \u00e0 vous guider \u00e0 chaque \u00e9tape du processus d&rsquo;achat. De la compr\u00e9hension de vos pr\u00e9f\u00e9rences uniques \u00e0 l&rsquo;obtention du meilleur yacht qui r\u00e9ponde \u00e0 vos exigences, nous nous engageons \u00e0 faire de vos r\u00eaves de propri\u00e9taire de yacht une r\u00e9alit\u00e9.  <br> <br>Profitez de notre vaste r\u00e9seau et de notre expertise du secteur pour trouver, n\u00e9gocier et acqu\u00e9rir le yacht qui correspond parfaitement \u00e0 votre vision. Nous mettons l&rsquo;accent sur la transparence, en veillant \u00e0 ce que vous soyez inform\u00e9 et responsabilis\u00e9 tout au long du processus. <\/p>\t\t\t\t\t\t\t\t<\/div>\n\t\t\t\t<\/div>\n\t\t\t\t\t<\/div>\n\t\t\t\t<\/div>\n\t\t\t\t\t<\/div>\n\t\t\t\t<\/div>\n\t\t<div class=\"elementor-element elementor-element-c7fb1ca e-flex e-con-boxed e-con e-parent\" data-id=\"c7fb1ca\" data-element_type=\"container\" data-e-type=\"container\">\n\t\t\t\t\t<div class=\"e-con-inner\">\n\t\t\t\t<div data-dce-text-color=\"#051E42\" class=\"elementor-element elementor-element-12d777c elementor-widget elementor-widget-text-editor\" data-id=\"12d777c\" data-element_type=\"widget\" data-e-type=\"widget\" data-widget_type=\"text-editor.default\">\n\t\t\t\t<div class=\"elementor-widget-container\">\n\t\t\t\t\t\t\t\t\t<h2>Pourquoi choisir Athens Yachts pour la vente et l&rsquo;achat de yachts de luxe ?<\/h2>\t\t\t\t\t\t\t\t<\/div>\n\t\t\t\t<\/div>\n\t\t\t\t\t<\/div>\n\t\t\t\t<\/div>\n\t\t<div class=\"elementor-element elementor-element-3b9109e e-flex e-con-boxed e-con e-parent\" data-id=\"3b9109e\" data-element_type=\"container\" data-e-type=\"container\">\n\t\t\t\t\t<div class=\"e-con-inner\">\n\t\t<div class=\"elementor-element elementor-element-6ce8c62 e-grid e-con-boxed e-con e-child\" data-id=\"6ce8c62\" data-element_type=\"container\" data-e-type=\"container\">\n\t\t\t\t\t<div class=\"e-con-inner\">\n\t\t<div class=\"elementor-element elementor-element-8595706 e-flex e-con-boxed e-con e-child\" data-id=\"8595706\" data-element_type=\"container\" data-e-type=\"container\">\n\t\t\t\t\t<div class=\"e-con-inner\">\n\t\t\t\t<div class=\"elementor-element elementor-element-349db7b dce_masking-none elementor-widget elementor-widget-image\" data-id=\"349db7b\" data-element_type=\"widget\" data-e-type=\"widget\" data-widget_type=\"image.default\">\n\t\t\t\t<div class=\"elementor-widget-container\">\n\t\t\t\t\t\t\t\t\t\t\t\t\t\t\t<img decoding=\"async\" width=\"62\" height=\"84\" src=\"https:\/\/athensyachts.gr\/wp-content\/uploads\/2024\/05\/Group.svg\" class=\"attachment-large size-large wp-image-1007\" alt=\"\" \/>\t\t\t\t\t\t\t\t\t\t\t\t\t\t\t<\/div>\n\t\t\t\t<\/div>\n\t\t\t\t<div class=\"elementor-element elementor-element-d1b5595 elementor-widget elementor-widget-text-editor\" data-id=\"d1b5595\" data-element_type=\"widget\" data-e-type=\"widget\" data-widget_type=\"text-editor.default\">\n\t\t\t\t<div class=\"elementor-widget-container\">\n\t\t\t\t\t\t\t\t\t<p>Une expertise in\u00e9gal\u00e9e :<\/p>\t\t\t\t\t\t\t\t<\/div>\n\t\t\t\t<\/div>\n\t\t\t\t<div class=\"elementor-element elementor-element-d90381c elementor-widget elementor-widget-text-editor\" data-id=\"d90381c\" data-element_type=\"widget\" data-e-type=\"widget\" data-widget_type=\"text-editor.default\">\n\t\t\t\t<div class=\"elementor-widget-container\">\n\t\t\t\t\t\t\t\t\t<p>Notre \u00e9quipe met \u00e0 profit ses connaissances et son exp\u00e9rience pour vous offrir une orientation et des conseils in\u00e9gal\u00e9s.<\/p>\t\t\t\t\t\t\t\t<\/div>\n\t\t\t\t<\/div>\n\t\t\t\t\t<\/div>\n\t\t\t\t<\/div>\n\t\t<div class=\"elementor-element elementor-element-7889d37 e-flex e-con-boxed e-con e-child\" data-id=\"7889d37\" data-element_type=\"container\" data-e-type=\"container\">\n\t\t\t\t\t<div class=\"e-con-inner\">\n\t\t\t\t<div class=\"elementor-element elementor-element-b5182ba dce_masking-none elementor-widget elementor-widget-image\" data-id=\"b5182ba\" data-element_type=\"widget\" data-e-type=\"widget\" data-widget_type=\"image.default\">\n\t\t\t\t<div class=\"elementor-widget-container\">\n\t\t\t\t\t\t\t\t\t\t\t\t\t\t\t<img decoding=\"async\" width=\"88\" height=\"86\" src=\"https:\/\/athensyachts.gr\/wp-content\/uploads\/2024\/05\/Group-1.svg\" class=\"attachment-large size-large wp-image-1009\" alt=\"\" \/>\t\t\t\t\t\t\t\t\t\t\t\t\t\t\t<\/div>\n\t\t\t\t<\/div>\n\t\t\t\t<div class=\"elementor-element elementor-element-87066e9 elementor-widget elementor-widget-text-editor\" data-id=\"87066e9\" data-element_type=\"widget\" data-e-type=\"widget\" data-widget_type=\"text-editor.default\">\n\t\t\t\t<div class=\"elementor-widget-container\">\n\t\t\t\t\t\t\t\t\t<p>S\u00e9lection exquise :<\/p>\t\t\t\t\t\t\t\t<\/div>\n\t\t\t\t<\/div>\n\t\t\t\t<div class=\"elementor-element elementor-element-f4e6f18 elementor-widget elementor-widget-text-editor\" data-id=\"f4e6f18\" data-element_type=\"widget\" data-e-type=\"widget\" data-widget_type=\"text-editor.default\">\n\t\t\t\t<div class=\"elementor-widget-container\">\n\t\t\t\t\t\t\t\t\t<p>D\u00e9couvrez une collection tri\u00e9e sur le volet des yachts les plus prestigieux du monde, chacun d&rsquo;entre eux \u00e9tant un t\u00e9moignage de l&rsquo;artisanat et du luxe.<\/p>\t\t\t\t\t\t\t\t<\/div>\n\t\t\t\t<\/div>\n\t\t\t\t\t<\/div>\n\t\t\t\t<\/div>\n\t\t<div class=\"elementor-element elementor-element-9ff0228 e-flex e-con-boxed e-con e-child\" data-id=\"9ff0228\" data-element_type=\"container\" data-e-type=\"container\">\n\t\t\t\t\t<div class=\"e-con-inner\">\n\t\t\t\t<div class=\"elementor-element elementor-element-078b196 dce_masking-none elementor-widget elementor-widget-image\" data-id=\"078b196\" data-element_type=\"widget\" data-e-type=\"widget\" data-widget_type=\"image.default\">\n\t\t\t\t<div class=\"elementor-widget-container\">\n\t\t\t\t\t\t\t\t\t\t\t\t\t\t\t<img decoding=\"async\" width=\"87\" height=\"87\" src=\"https:\/\/athensyachts.gr\/wp-content\/uploads\/2024\/05\/Group-2.svg\" class=\"attachment-large size-large wp-image-1011\" alt=\"\" \/>\t\t\t\t\t\t\t\t\t\t\t\t\t\t\t<\/div>\n\t\t\t\t<\/div>\n\t\t\t\t<div class=\"elementor-element elementor-element-1604bf1 elementor-widget elementor-widget-text-editor\" data-id=\"1604bf1\" data-element_type=\"widget\" data-e-type=\"widget\" data-widget_type=\"text-editor.default\">\n\t\t\t\t<div class=\"elementor-widget-container\">\n\t\t\t\t\t\t\t\t\t<p>Service personnalis\u00e9 :<\/p>\t\t\t\t\t\t\t\t<\/div>\n\t\t\t\t<\/div>\n\t\t\t\t<div class=\"elementor-element elementor-element-50d86e8 elementor-widget elementor-widget-text-editor\" data-id=\"50d86e8\" data-element_type=\"widget\" data-e-type=\"widget\" data-widget_type=\"text-editor.default\">\n\t\t\t\t<div class=\"elementor-widget-container\">\n\t\t\t\t\t\t\t\t\t<p>Nous comprenons que chaque propri\u00e9taire de yacht est unique. Notre approche personnalis\u00e9e garantit que vos pr\u00e9f\u00e9rences et vos besoins sont au premier plan du processus d&rsquo;achat. <\/p>\t\t\t\t\t\t\t\t<\/div>\n\t\t\t\t<\/div>\n\t\t\t\t\t<\/div>\n\t\t\t\t<\/div>\n\t\t<div class=\"elementor-element elementor-element-8d81c9f e-flex e-con-boxed e-con e-child\" data-id=\"8d81c9f\" data-element_type=\"container\" data-e-type=\"container\">\n\t\t\t\t\t<div class=\"e-con-inner\">\n\t\t\t\t<div class=\"elementor-element elementor-element-cc33eec dce_masking-none elementor-widget elementor-widget-image\" data-id=\"cc33eec\" data-element_type=\"widget\" data-e-type=\"widget\" data-widget_type=\"image.default\">\n\t\t\t\t<div class=\"elementor-widget-container\">\n\t\t\t\t\t\t\t\t\t\t\t\t\t\t\t<img loading=\"lazy\" decoding=\"async\" width=\"76\" height=\"75\" src=\"https:\/\/athensyachts.gr\/wp-content\/uploads\/2024\/05\/Group-3.svg\" class=\"attachment-large size-large wp-image-1013\" alt=\"\" \/>\t\t\t\t\t\t\t\t\t\t\t\t\t\t\t<\/div>\n\t\t\t\t<\/div>\n\t\t\t\t<div class=\"elementor-element elementor-element-5ea1e03 elementor-widget elementor-widget-text-editor\" data-id=\"5ea1e03\" data-element_type=\"widget\" data-e-type=\"widget\" data-widget_type=\"text-editor.default\">\n\t\t\t\t<div class=\"elementor-widget-container\">\n\t\t\t\t\t\t\t\t\t<p>Assistance de bout en bout :<\/p>\t\t\t\t\t\t\t\t<\/div>\n\t\t\t\t<\/div>\n\t\t\t\t<div class=\"elementor-element elementor-element-449bcba elementor-widget elementor-widget-text-editor\" data-id=\"449bcba\" data-element_type=\"widget\" data-e-type=\"widget\" data-widget_type=\"text-editor.default\">\n\t\t\t\t<div class=\"elementor-widget-container\">\n\t\t\t\t\t\t\t\t\t<p>De la consultation initiale \u00e0 l&rsquo;assistance apr\u00e8s l&rsquo;achat, nous nous engageons \u00e0 fournir une assistance compl\u00e8te \u00e0 chaque \u00e9tape.<\/p>\t\t\t\t\t\t\t\t<\/div>\n\t\t\t\t<\/div>\n\t\t\t\t\t<\/div>\n\t\t\t\t<\/div>\n\t\t\t\t\t<\/div>\n\t\t\t\t<\/div>\n\t\t\t\t\t<\/div>\n\t\t\t\t<\/div>\n\t\t\t\t<\/div>\n\t\t","protected":false},"excerpt":{"rendered":"<p>Vente Notre \u00e9quipe d&rsquo;experts en yachts s&rsquo;engage \u00e0 garantir une exp\u00e9rience de vente et d&rsquo;achat personnalis\u00e9e. Que vous recherchiez un yacht \u00e9l\u00e9gant et sportif pour des aventures exaltantes ou un yacht de d\u00e9placement luxueux et confortable, nous avons acc\u00e8s \u00e0 des yachts de tous types dans le monde entier, \u00e0 la fois en vente et [&hellip;]<\/p>\n","protected":false},"author":1,"featured_media":0,"parent":0,"menu_order":0,"comment_status":"closed","ping_status":"closed","template":"","meta":{"_acf_changed":false,"footnotes":""},"class_list":["post-3871","page","type-page","status-publish","hentry"],"acf":[],"yoast_head":"<!-- This site is optimized with the Yoast SEO plugin v27.5 - https:\/\/yoast.com\/product\/yoast-seo-wordpress\/ -->\n<title>Vente de yachts de luxe - athensyachts<\/title>\n<meta name=\"robots\" content=\"index, follow, max-snippet:-1, max-image-preview:large, max-video-preview:-1\" \/>\n<link rel=\"canonical\" href=\"https:\/\/athensyachts.gr\/fr\/vente-de-yachts-de-luxe\/\" \/>\n<meta property=\"og:locale\" content=\"fr_FR\" \/>\n<meta property=\"og:type\" content=\"article\" \/>\n<meta property=\"og:title\" content=\"Vente de yachts de luxe - athensyachts\" \/>\n<meta property=\"og:description\" content=\"Vente Notre \u00e9quipe d&rsquo;experts en yachts s&rsquo;engage \u00e0 garantir une exp\u00e9rience de vente et d&rsquo;achat personnalis\u00e9e. Que vous recherchiez un yacht \u00e9l\u00e9gant et sportif pour des aventures exaltantes ou un yacht de d\u00e9placement luxueux et confortable, nous avons acc\u00e8s \u00e0 des yachts de tous types dans le monde entier, \u00e0 la fois en vente et [&hellip;]\" \/>\n<meta property=\"og:url\" content=\"https:\/\/athensyachts.gr\/fr\/vente-de-yachts-de-luxe\/\" \/>\n<meta property=\"og:site_name\" content=\"athensyachts\" \/>\n<meta property=\"article:modified_time\" content=\"2026-02-04T18:54:34+00:00\" \/>\n<meta property=\"og:image\" content=\"https:\/\/athensyachts.gr\/wp-content\/uploads\/2024\/05\/Group.svg\" \/>\n<meta name=\"twitter:card\" content=\"summary_large_image\" \/>\n<meta name=\"twitter:label1\" content=\"Dur\u00e9e de lecture estim\u00e9e\" \/>\n\t<meta name=\"twitter:data1\" content=\"2 minutes\" \/>\n<script type=\"application\/ld+json\" class=\"yoast-schema-graph\">{\"@context\":\"https:\\\/\\\/schema.org\",\"@graph\":[{\"@type\":\"WebPage\",\"@id\":\"https:\\\/\\\/athensyachts.gr\\\/fr\\\/vente-de-yachts-de-luxe\\\/\",\"url\":\"https:\\\/\\\/athensyachts.gr\\\/fr\\\/vente-de-yachts-de-luxe\\\/\",\"name\":\"Vente de yachts de luxe - athensyachts\",\"isPartOf\":{\"@id\":\"https:\\\/\\\/athensyachts.gr\\\/#website\"},\"primaryImageOfPage\":{\"@id\":\"https:\\\/\\\/athensyachts.gr\\\/fr\\\/vente-de-yachts-de-luxe\\\/#primaryimage\"},\"image\":{\"@id\":\"https:\\\/\\\/athensyachts.gr\\\/fr\\\/vente-de-yachts-de-luxe\\\/#primaryimage\"},\"thumbnailUrl\":\"https:\\\/\\\/athensyachts.gr\\\/wp-content\\\/uploads\\\/2024\\\/05\\\/Group.svg\",\"datePublished\":\"2024-05-16T10:18:17+00:00\",\"dateModified\":\"2026-02-04T18:54:34+00:00\",\"breadcrumb\":{\"@id\":\"https:\\\/\\\/athensyachts.gr\\\/fr\\\/vente-de-yachts-de-luxe\\\/#breadcrumb\"},\"inLanguage\":\"fr-FR\",\"potentialAction\":[{\"@type\":\"ReadAction\",\"target\":[\"https:\\\/\\\/athensyachts.gr\\\/fr\\\/vente-de-yachts-de-luxe\\\/\"]}]},{\"@type\":\"ImageObject\",\"inLanguage\":\"fr-FR\",\"@id\":\"https:\\\/\\\/athensyachts.gr\\\/fr\\\/vente-de-yachts-de-luxe\\\/#primaryimage\",\"url\":\"https:\\\/\\\/athensyachts.gr\\\/wp-content\\\/uploads\\\/2024\\\/05\\\/Group.svg\",\"contentUrl\":\"https:\\\/\\\/athensyachts.gr\\\/wp-content\\\/uploads\\\/2024\\\/05\\\/Group.svg\"},{\"@type\":\"BreadcrumbList\",\"@id\":\"https:\\\/\\\/athensyachts.gr\\\/fr\\\/vente-de-yachts-de-luxe\\\/#breadcrumb\",\"itemListElement\":[{\"@type\":\"ListItem\",\"position\":1,\"name\":\"Home\",\"item\":\"https:\\\/\\\/athensyachts.gr\\\/fr\\\/\"},{\"@type\":\"ListItem\",\"position\":2,\"name\":\"Vente de yachts de luxe\"}]},{\"@type\":\"WebSite\",\"@id\":\"https:\\\/\\\/athensyachts.gr\\\/#website\",\"url\":\"https:\\\/\\\/athensyachts.gr\\\/\",\"name\":\"athensyachts\",\"description\":\"\",\"publisher\":{\"@id\":\"https:\\\/\\\/athensyachts.gr\\\/#organization\"},\"potentialAction\":[{\"@type\":\"SearchAction\",\"target\":{\"@type\":\"EntryPoint\",\"urlTemplate\":\"https:\\\/\\\/athensyachts.gr\\\/?s={search_term_string}\"},\"query-input\":{\"@type\":\"PropertyValueSpecification\",\"valueRequired\":true,\"valueName\":\"search_term_string\"}}],\"inLanguage\":\"fr-FR\"},{\"@type\":\"Organization\",\"@id\":\"https:\\\/\\\/athensyachts.gr\\\/#organization\",\"name\":\"athensyachts\",\"url\":\"https:\\\/\\\/athensyachts.gr\\\/\",\"logo\":{\"@type\":\"ImageObject\",\"inLanguage\":\"fr-FR\",\"@id\":\"https:\\\/\\\/athensyachts.gr\\\/#\\\/schema\\\/logo\\\/image\\\/\",\"url\":\"https:\\\/\\\/athensyachts.gr\\\/wp-content\\\/uploads\\\/2024\\\/03\\\/Group-1-1.svg\",\"contentUrl\":\"https:\\\/\\\/athensyachts.gr\\\/wp-content\\\/uploads\\\/2024\\\/03\\\/Group-1-1.svg\",\"width\":223,\"height\":76,\"caption\":\"athensyachts\"},\"image\":{\"@id\":\"https:\\\/\\\/athensyachts.gr\\\/#\\\/schema\\\/logo\\\/image\\\/\"}}]}<\/script>\n<!-- \/ Yoast SEO plugin. -->","yoast_head_json":{"title":"Vente de yachts de luxe - athensyachts","robots":{"index":"index","follow":"follow","max-snippet":"max-snippet:-1","max-image-preview":"max-image-preview:large","max-video-preview":"max-video-preview:-1"},"canonical":"https:\/\/athensyachts.gr\/fr\/vente-de-yachts-de-luxe\/","og_locale":"fr_FR","og_type":"article","og_title":"Vente de yachts de luxe - athensyachts","og_description":"Vente Notre \u00e9quipe d&rsquo;experts en yachts s&rsquo;engage \u00e0 garantir une exp\u00e9rience de vente et d&rsquo;achat personnalis\u00e9e. Que vous recherchiez un yacht \u00e9l\u00e9gant et sportif pour des aventures exaltantes ou un yacht de d\u00e9placement luxueux et confortable, nous avons acc\u00e8s \u00e0 des yachts de tous types dans le monde entier, \u00e0 la fois en vente et [&hellip;]","og_url":"https:\/\/athensyachts.gr\/fr\/vente-de-yachts-de-luxe\/","og_site_name":"athensyachts","article_modified_time":"2026-02-04T18:54:34+00:00","og_image":[{"url":"https:\/\/athensyachts.gr\/wp-content\/uploads\/2024\/05\/Group.svg","type":"","width":"","height":""}],"twitter_card":"summary_large_image","twitter_misc":{"Dur\u00e9e de lecture estim\u00e9e":"2 minutes"},"schema":{"@context":"https:\/\/schema.org","@graph":[{"@type":"WebPage","@id":"https:\/\/athensyachts.gr\/fr\/vente-de-yachts-de-luxe\/","url":"https:\/\/athensyachts.gr\/fr\/vente-de-yachts-de-luxe\/","name":"Vente de yachts de luxe - athensyachts","isPartOf":{"@id":"https:\/\/athensyachts.gr\/#website"},"primaryImageOfPage":{"@id":"https:\/\/athensyachts.gr\/fr\/vente-de-yachts-de-luxe\/#primaryimage"},"image":{"@id":"https:\/\/athensyachts.gr\/fr\/vente-de-yachts-de-luxe\/#primaryimage"},"thumbnailUrl":"https:\/\/athensyachts.gr\/wp-content\/uploads\/2024\/05\/Group.svg","datePublished":"2024-05-16T10:18:17+00:00","dateModified":"2026-02-04T18:54:34+00:00","breadcrumb":{"@id":"https:\/\/athensyachts.gr\/fr\/vente-de-yachts-de-luxe\/#breadcrumb"},"inLanguage":"fr-FR","potentialAction":[{"@type":"ReadAction","target":["https:\/\/athensyachts.gr\/fr\/vente-de-yachts-de-luxe\/"]}]},{"@type":"ImageObject","inLanguage":"fr-FR","@id":"https:\/\/athensyachts.gr\/fr\/vente-de-yachts-de-luxe\/#primaryimage","url":"https:\/\/athensyachts.gr\/wp-content\/uploads\/2024\/05\/Group.svg","contentUrl":"https:\/\/athensyachts.gr\/wp-content\/uploads\/2024\/05\/Group.svg"},{"@type":"BreadcrumbList","@id":"https:\/\/athensyachts.gr\/fr\/vente-de-yachts-de-luxe\/#breadcrumb","itemListElement":[{"@type":"ListItem","position":1,"name":"Home","item":"https:\/\/athensyachts.gr\/fr\/"},{"@type":"ListItem","position":2,"name":"Vente de yachts de luxe"}]},{"@type":"WebSite","@id":"https:\/\/athensyachts.gr\/#website","url":"https:\/\/athensyachts.gr\/","name":"athensyachts","description":"","publisher":{"@id":"https:\/\/athensyachts.gr\/#organization"},"potentialAction":[{"@type":"SearchAction","target":{"@type":"EntryPoint","urlTemplate":"https:\/\/athensyachts.gr\/?s={search_term_string}"},"query-input":{"@type":"PropertyValueSpecification","valueRequired":true,"valueName":"search_term_string"}}],"inLanguage":"fr-FR"},{"@type":"Organization","@id":"https:\/\/athensyachts.gr\/#organization","name":"athensyachts","url":"https:\/\/athensyachts.gr\/","logo":{"@type":"ImageObject","inLanguage":"fr-FR","@id":"https:\/\/athensyachts.gr\/#\/schema\/logo\/image\/","url":"https:\/\/athensyachts.gr\/wp-content\/uploads\/2024\/03\/Group-1-1.svg","contentUrl":"https:\/\/athensyachts.gr\/wp-content\/uploads\/2024\/03\/Group-1-1.svg","width":223,"height":76,"caption":"athensyachts"},"image":{"@id":"https:\/\/athensyachts.gr\/#\/schema\/logo\/image\/"}}]}},"_links":{"self":[{"href":"https:\/\/athensyachts.gr\/fr\/wp-json\/wp\/v2\/pages\/3871","targetHints":{"allow":["GET"]}}],"collection":[{"href":"https:\/\/athensyachts.gr\/fr\/wp-json\/wp\/v2\/pages"}],"about":[{"href":"https:\/\/athensyachts.gr\/fr\/wp-json\/wp\/v2\/types\/page"}],"author":[{"embeddable":true,"href":"https:\/\/athensyachts.gr\/fr\/wp-json\/wp\/v2\/users\/1"}],"replies":[{"embeddable":true,"href":"https:\/\/athensyachts.gr\/fr\/wp-json\/wp\/v2\/comments?post=3871"}],"version-history":[{"count":28,"href":"https:\/\/athensyachts.gr\/fr\/wp-json\/wp\/v2\/pages\/3871\/revisions"}],"predecessor-version":[{"id":9420,"href":"https:\/\/athensyachts.gr\/fr\/wp-json\/wp\/v2\/pages\/3871\/revisions\/9420"}],"wp:attachment":[{"href":"https:\/\/athensyachts.gr\/fr\/wp-json\/wp\/v2\/media?parent=3871"}],"curies":[{"name":"wp","href":"https:\/\/api.w.org\/{rel}","templated":true}]}}