{"id":3849,"date":"2024-05-01T10:02:55","date_gmt":"2024-05-01T10:02:55","guid":{"rendered":"https:\/\/athensyachts.gr\/a-propos-de-nous\/"},"modified":"2026-02-04T19:05:10","modified_gmt":"2026-02-04T19:05:10","slug":"a-propos-de-nous","status":"publish","type":"page","link":"https:\/\/athensyachts.gr\/fr\/a-propos-de-nous\/","title":{"rendered":"A propos de nous"},"content":{"rendered":"\t\t<div data-elementor-type=\"wp-page\" data-elementor-id=\"3849\" class=\"elementor elementor-3849 elementor-273\" data-elementor-post-type=\"page\">\n\t\t\t\t<div data-dce-background-image-url=\"https:\/\/athensyachts.gr\/wp-content\/uploads\/2024\/06\/Hero-Banner-6.jpg\" class=\"elementor-element elementor-element-617fcec7 e-flex e-con-boxed e-con e-parent\" data-id=\"617fcec7\" data-element_type=\"container\" data-e-type=\"container\" data-settings=\"{&quot;background_background&quot;:&quot;classic&quot;}\">\n\t\t\t\t\t<div class=\"e-con-inner\">\n\t\t<div class=\"elementor-element elementor-element-64124d17 e-flex e-con-boxed e-con e-child\" data-id=\"64124d17\" data-element_type=\"container\" data-e-type=\"container\">\n\t\t\t\t\t<div class=\"e-con-inner\">\n\t\t\t\t<div data-dce-text-color=\"#FFFFFF\" class=\"elementor-element elementor-element-1feac85f elementor-widget elementor-widget-text-editor\" data-id=\"1feac85f\" data-element_type=\"widget\" data-e-type=\"widget\" data-settings=\"{&quot;_animation&quot;:&quot;none&quot;}\" data-widget_type=\"text-editor.default\">\n\t\t\t\t<div class=\"elementor-widget-container\">\n\t\t\t\t\t\t\t\t\t<p>Servir les clients avec<br>l&rsquo;excellence depuis plus de<br>plus de 35 ans<\/p>\t\t\t\t\t\t\t\t<\/div>\n\t\t\t\t<\/div>\n\t\t\t\t<div data-dce-background-color=\"#FFFFFF00\" class=\"elementor-element elementor-element-577a9035 elementor-widget elementor-widget-button\" data-id=\"577a9035\" data-element_type=\"widget\" data-e-type=\"widget\" data-widget_type=\"button.default\">\n\t\t\t\t<div class=\"elementor-widget-container\">\n\t\t\t\t\t\t\t\t\t<div class=\"elementor-button-wrapper\">\n\t\t\t\t\t<a class=\"elementor-button elementor-button-link elementor-size-sm\" href=\"https:\/\/athensyachts.gr\/fr\/contact\/\">\n\t\t\t\t\t\t<span class=\"elementor-button-content-wrapper\">\n\t\t\t\t\t\t<span class=\"elementor-button-icon\">\n\t\t\t\t<svg xmlns=\"http:\/\/www.w3.org\/2000\/svg\" width=\"18\" height=\"12\" viewBox=\"0 0 18 12\" fill=\"none\"><g clip-path=\"url(#clip0_1929_128)\"><path d=\"M12 12C12 8.68629 14.6863 6 18 6\" stroke=\"white\" stroke-width=\"1.5\"><\/path><path d=\"M12 0C12 3.31371 14.6863 6 18 6\" stroke=\"white\" stroke-width=\"1.5\"><\/path><path d=\"M18 6H0\" stroke=\"white\" stroke-width=\"1.5\"><\/path><\/g><defs><clipPath id=\"clip0_1929_128\"><rect width=\"18\" height=\"12\" fill=\"white\"><\/rect><\/clipPath><\/defs><\/svg>\t\t\t<\/span>\n\t\t\t\t\t\t\t\t\t<span class=\"elementor-button-text\">Contactez nous<\/span>\n\t\t\t\t\t<\/span>\n\t\t\t\t\t<\/a>\n\t\t\t\t<\/div>\n\t\t\t\t\t\t\t\t<\/div>\n\t\t\t\t<\/div>\n\t\t\t\t\t<\/div>\n\t\t\t\t<\/div>\n\t\t\t\t\t<\/div>\n\t\t\t\t<\/div>\n\t\t<div class=\"elementor-element elementor-element-2999a6f e-flex e-con-boxed e-con e-parent\" data-id=\"2999a6f\" data-element_type=\"container\" data-e-type=\"container\" data-settings=\"{&quot;background_background&quot;:&quot;classic&quot;}\">\n\t\t\t\t\t<div class=\"e-con-inner\">\n\t\t<div class=\"elementor-element elementor-element-33ed79a e-flex e-con-boxed elementor-invisible e-con e-child\" data-id=\"33ed79a\" data-element_type=\"container\" data-e-type=\"container\" data-settings=\"{&quot;animation&quot;:&quot;fadeInUp&quot;}\">\n\t\t\t\t\t<div class=\"e-con-inner\">\n\t\t\t\t<div class=\"elementor-element elementor-element-cd54fe8 elementor-widget elementor-widget-text-editor\" data-id=\"cd54fe8\" data-element_type=\"widget\" data-e-type=\"widget\" data-widget_type=\"text-editor.default\">\n\t\t\t\t<div class=\"elementor-widget-container\">\n\t\t\t\t\t\t\t\t\t<p>La strat\u00e9gie de notre entreprise consiste \u00e0 privil\u00e9gier la qualit\u00e9 et un service de premier ordre, et \u00e0 vous offrir une exp\u00e9rience sur mesure, adapt\u00e9e \u00e0 vos besoins.<\/p>\t\t\t\t\t\t\t\t<\/div>\n\t\t\t\t<\/div>\n\t\t\t\t\t<\/div>\n\t\t\t\t<\/div>\n\t\t<div class=\"elementor-element elementor-element-57e2fb7 e-flex e-con-boxed elementor-invisible e-con e-child\" data-id=\"57e2fb7\" data-element_type=\"container\" data-e-type=\"container\" data-settings=\"{&quot;animation&quot;:&quot;fadeInUp&quot;}\">\n\t\t\t\t\t<div class=\"e-con-inner\">\n\t\t\t\t<div class=\"elementor-element elementor-element-fdc242b elementor-widget elementor-widget-text-editor\" data-id=\"fdc242b\" data-element_type=\"widget\" data-e-type=\"widget\" data-widget_type=\"text-editor.default\">\n\t\t\t\t<div class=\"elementor-widget-container\">\n\t\t\t\t\t\t\t\t\t<p>Notre professionnalisme nous permet de vous offrir tout ce qui est n\u00e9cessaire \u00e0 une exp\u00e9rience inoubliable de la navigation de plaisance.<\/p>\t\t\t\t\t\t\t\t<\/div>\n\t\t\t\t<\/div>\n\t\t\t\t\t<\/div>\n\t\t\t\t<\/div>\n\t\t<div class=\"elementor-element elementor-element-a8a0ffb e-flex e-con-boxed elementor-invisible e-con e-child\" data-id=\"a8a0ffb\" data-element_type=\"container\" data-e-type=\"container\" data-settings=\"{&quot;animation&quot;:&quot;fadeInUp&quot;}\">\n\t\t\t\t\t<div class=\"e-con-inner\">\n\t\t\t\t<div class=\"elementor-element elementor-element-1c96e1a elementor-widget elementor-widget-text-editor\" data-id=\"1c96e1a\" data-element_type=\"widget\" data-e-type=\"widget\" data-widget_type=\"text-editor.default\">\n\t\t\t\t<div class=\"elementor-widget-container\">\n\t\t\t\t\t\t\t\t\t<p>Nous ne proposons que les normes les plus \u00e9lev\u00e9es, en veillant \u00e0 ce que nos coll\u00e8gues et nos clients b\u00e9n\u00e9ficient d&rsquo;une continuit\u00e9 de qualit\u00e9 et de distinction dans nos services.<\/p>\t\t\t\t\t\t\t\t<\/div>\n\t\t\t\t<\/div>\n\t\t\t\t\t<\/div>\n\t\t\t\t<\/div>\n\t\t\t\t\t<\/div>\n\t\t\t\t<\/div>\n\t\t<div class=\"elementor-element elementor-element-fa36c5d e-flex e-con-boxed e-con e-parent\" data-id=\"fa36c5d\" data-element_type=\"container\" data-e-type=\"container\" data-settings=\"{&quot;background_background&quot;:&quot;classic&quot;}\">\n\t\t\t\t\t<div class=\"e-con-inner\">\n\t\t<div class=\"elementor-element elementor-element-0062233 e-flex e-con-boxed elementor-invisible e-con e-child\" data-id=\"0062233\" data-element_type=\"container\" data-e-type=\"container\" data-settings=\"{&quot;animation&quot;:&quot;lightSpeedIn&quot;}\">\n\t\t\t\t\t<div class=\"e-con-inner\">\n\t\t\t\t<div data-dce-background-color=\"#051E42\" class=\"elementor-element elementor-element-6beeada elementor-widget elementor-widget-button\" data-id=\"6beeada\" data-element_type=\"widget\" data-e-type=\"widget\" data-widget_type=\"button.default\">\n\t\t\t\t<div class=\"elementor-widget-container\">\n\t\t\t\t\t\t\t\t\t<div class=\"elementor-button-wrapper\">\n\t\t\t\t\t<a class=\"elementor-button elementor-button-link elementor-size-sm\" href=\"https:\/\/athensyachts.gr\/fr\/location-de-yachts-de-luxe\/\">\n\t\t\t\t\t\t<span class=\"elementor-button-content-wrapper\">\n\t\t\t\t\t\t<span class=\"elementor-button-icon\">\n\t\t\t\t<svg aria-hidden=\"true\" class=\"e-font-icon-svg e-fas-arrow-right\" viewBox=\"0 0 448 512\" xmlns=\"http:\/\/www.w3.org\/2000\/svg\"><path d=\"M190.5 66.9l22.2-22.2c9.4-9.4 24.6-9.4 33.9 0L441 239c9.4 9.4 9.4 24.6 0 33.9L246.6 467.3c-9.4 9.4-24.6 9.4-33.9 0l-22.2-22.2c-9.5-9.5-9.3-25 .4-34.3L311.4 296H24c-13.3 0-24-10.7-24-24v-32c0-13.3 10.7-24 24-24h287.4L190.9 101.2c-9.8-9.3-10-24.8-.4-34.3z\"><\/path><\/svg>\t\t\t<\/span>\n\t\t\t\t\t\t\t\t\t<span class=\"elementor-button-text\">Voir tous les yachts<\/span>\n\t\t\t\t\t<\/span>\n\t\t\t\t\t<\/a>\n\t\t\t\t<\/div>\n\t\t\t\t\t\t\t\t<\/div>\n\t\t\t\t<\/div>\n\t\t\t\t\t<\/div>\n\t\t\t\t<\/div>\n\t\t\t\t\t<\/div>\n\t\t\t\t<\/div>\n\t\t<div class=\"elementor-element elementor-element-cdcdb11 e-flex e-con-boxed e-con e-parent\" data-id=\"cdcdb11\" data-element_type=\"container\" data-e-type=\"container\">\n\t\t\t\t\t<div class=\"e-con-inner\">\n\t\t\t\t<div data-dce-text-color=\"#051E42\" class=\"elementor-element elementor-element-d3de74e elementor-widget elementor-widget-text-editor\" data-id=\"d3de74e\" data-element_type=\"widget\" data-e-type=\"widget\" data-widget_type=\"text-editor.default\">\n\t\t\t\t<div class=\"elementor-widget-container\">\n\t\t\t\t\t\t\t\t\t<p>About Us.<\/p>\t\t\t\t\t\t\t\t<\/div>\n\t\t\t\t<\/div>\n\t\t\t\t<div class=\"elementor-element elementor-element-a28efcd elementor-widget elementor-widget-spacer\" data-id=\"a28efcd\" data-element_type=\"widget\" data-e-type=\"widget\" data-widget_type=\"spacer.default\">\n\t\t\t\t<div class=\"elementor-widget-container\">\n\t\t\t\t\t\t\t<div class=\"elementor-spacer\">\n\t\t\t<div class=\"elementor-spacer-inner\"><\/div>\n\t\t<\/div>\n\t\t\t\t\t\t<\/div>\n\t\t\t\t<\/div>\n\t\t\t\t\t<\/div>\n\t\t\t\t<\/div>\n\t\t<div class=\"elementor-element elementor-element-727aa50 e-flex e-con-boxed e-con e-parent\" data-id=\"727aa50\" data-element_type=\"container\" data-e-type=\"container\">\n\t\t\t\t\t<div class=\"e-con-inner\">\n\t\t<div class=\"elementor-element elementor-element-110fbd6 e-con-full e-flex e-con e-child\" data-id=\"110fbd6\" data-element_type=\"container\" data-e-type=\"container\">\n\t\t\t\t<div class=\"elementor-element elementor-element-b1afc56 dce_masking-none elementor-widget elementor-widget-image\" data-id=\"b1afc56\" data-element_type=\"widget\" data-e-type=\"widget\" data-widget_type=\"image.default\">\n\t\t\t\t<div class=\"elementor-widget-container\">\n\t\t\t\t\t\t\t\t\t\t\t\t\t\t\t<img fetchpriority=\"high\" decoding=\"async\" width=\"1004\" height=\"1414\" src=\"https:\/\/athensyachts.gr\/wp-content\/uploads\/2024\/05\/Rectangle-18.jpg\" class=\"attachment-full size-full wp-image-1003\" alt=\"\" srcset=\"https:\/\/athensyachts.gr\/wp-content\/uploads\/2024\/05\/Rectangle-18.jpg 1004w, https:\/\/athensyachts.gr\/wp-content\/uploads\/2024\/05\/Rectangle-18-213x300.jpg 213w, https:\/\/athensyachts.gr\/wp-content\/uploads\/2024\/05\/Rectangle-18-727x1024.jpg 727w, https:\/\/athensyachts.gr\/wp-content\/uploads\/2024\/05\/Rectangle-18-768x1082.jpg 768w, https:\/\/athensyachts.gr\/wp-content\/uploads\/2024\/05\/Rectangle-18-600x845.jpg 600w\" sizes=\"(max-width: 1004px) 100vw, 1004px\" \/>\t\t\t\t\t\t\t\t\t\t\t\t\t\t\t<\/div>\n\t\t\t\t<\/div>\n\t\t\t\t<\/div>\n\t\t<div class=\"elementor-element elementor-element-ae3a5d9 e-con-full e-flex e-con e-child\" data-id=\"ae3a5d9\" data-element_type=\"container\" data-e-type=\"container\">\n\t\t\t\t<div data-dce-text-color=\"#051E42\" class=\"elementor-element elementor-element-a493438 p-no-margin elementor-widget elementor-widget-text-editor\" data-id=\"a493438\" data-element_type=\"widget\" data-e-type=\"widget\" data-widget_type=\"text-editor.default\">\n\t\t\t\t<div class=\"elementor-widget-container\">\n\t\t\t\t\t\t\t\t\t<p>Spiros Galanakis<\/p>\t\t\t\t\t\t\t\t<\/div>\n\t\t\t\t<\/div>\n\t\t\t\t<div data-dce-text-color=\"#051E42\" class=\"elementor-element elementor-element-f50871b elementor-widget elementor-widget-text-editor\" data-id=\"f50871b\" data-element_type=\"widget\" data-e-type=\"widget\" data-widget_type=\"text-editor.default\">\n\t\t\t\t<div class=\"elementor-widget-container\">\n\t\t\t\t\t\t\t\t\t<p>Directeur g\u00e9n\u00e9ral<\/p>\t\t\t\t\t\t\t\t<\/div>\n\t\t\t\t<\/div>\n\t\t\t\t<div data-dce-text-color=\"#051E42\" class=\"elementor-element elementor-element-b4faca2 read-more-text elementor-widget elementor-widget-text-editor\" data-id=\"b4faca2\" data-element_type=\"widget\" data-e-type=\"widget\" data-widget_type=\"text-editor.default\">\n\t\t\t\t<div class=\"elementor-widget-container\">\n\t\t\t\t\t\t\t\t\t<p>Athens Yachts a \u00e9t\u00e9 fond\u00e9e en 1980 et s&rsquo;est impos\u00e9e comme un acteur cl\u00e9 sur le march\u00e9 mondial des yachts de luxe, qu&rsquo;il s&rsquo;agisse de location ou de vente. Notre engagement \u00e0 cr\u00e9er une exp\u00e9rience de luxe sans faille, en offrant des connaissances d&rsquo;expert, ainsi que notre engagement \u00e0 fournir un service de grande valeur se sont av\u00e9r\u00e9s \u00eatre une approche fructueuse pendant de nombreuses ann\u00e9es, \u00e9tablissant des relations solides avec des associ\u00e9s d&rsquo;affaires et des clients dans le monde entier.<\/p>\t\t\t\t\t\t\t\t<\/div>\n\t\t\t\t<\/div>\n\t\t\t\t<div class=\"elementor-element elementor-element-6ae36de e-grid-align-left elementor-shape-rounded elementor-grid-0 elementor-widget elementor-widget-social-icons\" data-id=\"6ae36de\" data-element_type=\"widget\" data-e-type=\"widget\" data-widget_type=\"social-icons.default\">\n\t\t\t\t<div class=\"elementor-widget-container\">\n\t\t\t\t\t\t\t<div class=\"elementor-social-icons-wrapper elementor-grid\">\n\t\t\t\t\t\t\t<span class=\"elementor-grid-item\">\n\t\t\t\t\t<a class=\"elementor-icon elementor-social-icon elementor-social-icon-linkedin elementor-repeater-item-4198786\" href=\"https:\/\/www.linkedin.com\/in\/spiros-galanakis-6b234111a\/\" target=\"_blank\">\n\t\t\t\t\t\t<span class=\"elementor-screen-only\">Linkedin<\/span>\n\t\t\t\t\t\t<svg aria-hidden=\"true\" class=\"e-font-icon-svg e-fab-linkedin\" viewBox=\"0 0 448 512\" xmlns=\"http:\/\/www.w3.org\/2000\/svg\"><path d=\"M416 32H31.9C14.3 32 0 46.5 0 64.3v383.4C0 465.5 14.3 480 31.9 480H416c17.6 0 32-14.5 32-32.3V64.3c0-17.8-14.4-32.3-32-32.3zM135.4 416H69V202.2h66.5V416zm-33.2-243c-21.3 0-38.5-17.3-38.5-38.5S80.9 96 102.2 96c21.2 0 38.5 17.3 38.5 38.5 0 21.3-17.2 38.5-38.5 38.5zm282.1 243h-66.4V312c0-24.8-.5-56.7-34.5-56.7-34.6 0-39.9 27-39.9 54.9V416h-66.4V202.2h63.7v29.2h.9c8.9-16.8 30.6-34.5 62.9-34.5 67.2 0 79.7 44.3 79.7 101.9V416z\"><\/path><\/svg>\t\t\t\t\t<\/a>\n\t\t\t\t<\/span>\n\t\t\t\t\t<\/div>\n\t\t\t\t\t\t<\/div>\n\t\t\t\t<\/div>\n\t\t\t\t<\/div>\n\t\t\t\t\t<\/div>\n\t\t\t\t<\/div>\n\t\t<div class=\"elementor-element elementor-element-414966a e-flex e-con-boxed e-con e-parent\" data-id=\"414966a\" data-element_type=\"container\" data-e-type=\"container\">\n\t\t\t\t\t<div class=\"e-con-inner\">\n\t\t\t\t<div class=\"elementor-element elementor-element-365ab80 elementor-widget elementor-widget-spacer\" data-id=\"365ab80\" data-element_type=\"widget\" data-e-type=\"widget\" data-widget_type=\"spacer.default\">\n\t\t\t\t<div class=\"elementor-widget-container\">\n\t\t\t\t\t\t\t<div class=\"elementor-spacer\">\n\t\t\t<div class=\"elementor-spacer-inner\"><\/div>\n\t\t<\/div>\n\t\t\t\t\t\t<\/div>\n\t\t\t\t<\/div>\n\t\t\t\t\t<\/div>\n\t\t\t\t<\/div>\n\t\t\t\t<\/div>\n\t\t","protected":false},"excerpt":{"rendered":"<p>Servir les clients avecl&rsquo;excellence depuis plus deplus de 35 ans Contactez nous La strat\u00e9gie de notre entreprise consiste \u00e0 privil\u00e9gier la qualit\u00e9 et un service de premier ordre, et \u00e0 vous offrir une exp\u00e9rience sur mesure, adapt\u00e9e \u00e0 vos besoins. Notre professionnalisme nous permet de vous offrir tout ce qui est n\u00e9cessaire \u00e0 une exp\u00e9rience [&hellip;]<\/p>\n","protected":false},"author":1,"featured_media":0,"parent":0,"menu_order":0,"comment_status":"closed","ping_status":"closed","template":"","meta":{"_acf_changed":false,"footnotes":""},"class_list":["post-3849","page","type-page","status-publish","hentry"],"acf":[],"yoast_head":"<!-- This site is optimized with the Yoast SEO plugin v27.5 - https:\/\/yoast.com\/product\/yoast-seo-wordpress\/ -->\n<title>A propos de nous - athensyachts<\/title>\n<meta name=\"robots\" content=\"index, follow, max-snippet:-1, max-image-preview:large, max-video-preview:-1\" \/>\n<link rel=\"canonical\" href=\"https:\/\/athensyachts.gr\/fr\/a-propos-de-nous\/\" \/>\n<meta property=\"og:locale\" content=\"fr_FR\" \/>\n<meta property=\"og:type\" content=\"article\" \/>\n<meta property=\"og:title\" content=\"A propos de nous - athensyachts\" \/>\n<meta property=\"og:description\" content=\"Servir les clients avecl&rsquo;excellence depuis plus deplus de 35 ans Contactez nous La strat\u00e9gie de notre entreprise consiste \u00e0 privil\u00e9gier la qualit\u00e9 et un service de premier ordre, et \u00e0 vous offrir une exp\u00e9rience sur mesure, adapt\u00e9e \u00e0 vos besoins. Notre professionnalisme nous permet de vous offrir tout ce qui est n\u00e9cessaire \u00e0 une exp\u00e9rience [&hellip;]\" \/>\n<meta property=\"og:url\" content=\"https:\/\/athensyachts.gr\/fr\/a-propos-de-nous\/\" \/>\n<meta property=\"og:site_name\" content=\"athensyachts\" \/>\n<meta property=\"article:modified_time\" content=\"2026-02-04T19:05:10+00:00\" \/>\n<meta property=\"og:image\" content=\"https:\/\/athensyachts.gr\/wp-content\/uploads\/2024\/05\/Rectangle-18.jpg\" \/>\n<meta name=\"twitter:card\" content=\"summary_large_image\" \/>\n<meta name=\"twitter:label1\" content=\"Dur\u00e9e de lecture estim\u00e9e\" \/>\n\t<meta name=\"twitter:data1\" content=\"9 minutes\" \/>\n<script type=\"application\/ld+json\" class=\"yoast-schema-graph\">{\"@context\":\"https:\\\/\\\/schema.org\",\"@graph\":[{\"@type\":\"WebPage\",\"@id\":\"https:\\\/\\\/athensyachts.gr\\\/fr\\\/a-propos-de-nous\\\/\",\"url\":\"https:\\\/\\\/athensyachts.gr\\\/fr\\\/a-propos-de-nous\\\/\",\"name\":\"A propos de nous - athensyachts\",\"isPartOf\":{\"@id\":\"https:\\\/\\\/athensyachts.gr\\\/#website\"},\"primaryImageOfPage\":{\"@id\":\"https:\\\/\\\/athensyachts.gr\\\/fr\\\/a-propos-de-nous\\\/#primaryimage\"},\"image\":{\"@id\":\"https:\\\/\\\/athensyachts.gr\\\/fr\\\/a-propos-de-nous\\\/#primaryimage\"},\"thumbnailUrl\":\"https:\\\/\\\/athensyachts.gr\\\/wp-content\\\/uploads\\\/2024\\\/05\\\/Rectangle-18.jpg\",\"datePublished\":\"2024-05-01T10:02:55+00:00\",\"dateModified\":\"2026-02-04T19:05:10+00:00\",\"breadcrumb\":{\"@id\":\"https:\\\/\\\/athensyachts.gr\\\/fr\\\/a-propos-de-nous\\\/#breadcrumb\"},\"inLanguage\":\"fr-FR\",\"potentialAction\":[{\"@type\":\"ReadAction\",\"target\":[\"https:\\\/\\\/athensyachts.gr\\\/fr\\\/a-propos-de-nous\\\/\"]}]},{\"@type\":\"ImageObject\",\"inLanguage\":\"fr-FR\",\"@id\":\"https:\\\/\\\/athensyachts.gr\\\/fr\\\/a-propos-de-nous\\\/#primaryimage\",\"url\":\"https:\\\/\\\/athensyachts.gr\\\/wp-content\\\/uploads\\\/2024\\\/05\\\/Rectangle-18.jpg\",\"contentUrl\":\"https:\\\/\\\/athensyachts.gr\\\/wp-content\\\/uploads\\\/2024\\\/05\\\/Rectangle-18.jpg\"},{\"@type\":\"BreadcrumbList\",\"@id\":\"https:\\\/\\\/athensyachts.gr\\\/fr\\\/a-propos-de-nous\\\/#breadcrumb\",\"itemListElement\":[{\"@type\":\"ListItem\",\"position\":1,\"name\":\"Home\",\"item\":\"https:\\\/\\\/athensyachts.gr\\\/fr\\\/\"},{\"@type\":\"ListItem\",\"position\":2,\"name\":\"A propos de nous\"}]},{\"@type\":\"WebSite\",\"@id\":\"https:\\\/\\\/athensyachts.gr\\\/#website\",\"url\":\"https:\\\/\\\/athensyachts.gr\\\/\",\"name\":\"athensyachts\",\"description\":\"\",\"publisher\":{\"@id\":\"https:\\\/\\\/athensyachts.gr\\\/#organization\"},\"potentialAction\":[{\"@type\":\"SearchAction\",\"target\":{\"@type\":\"EntryPoint\",\"urlTemplate\":\"https:\\\/\\\/athensyachts.gr\\\/?s={search_term_string}\"},\"query-input\":{\"@type\":\"PropertyValueSpecification\",\"valueRequired\":true,\"valueName\":\"search_term_string\"}}],\"inLanguage\":\"fr-FR\"},{\"@type\":\"Organization\",\"@id\":\"https:\\\/\\\/athensyachts.gr\\\/#organization\",\"name\":\"athensyachts\",\"url\":\"https:\\\/\\\/athensyachts.gr\\\/\",\"logo\":{\"@type\":\"ImageObject\",\"inLanguage\":\"fr-FR\",\"@id\":\"https:\\\/\\\/athensyachts.gr\\\/#\\\/schema\\\/logo\\\/image\\\/\",\"url\":\"https:\\\/\\\/athensyachts.gr\\\/wp-content\\\/uploads\\\/2024\\\/03\\\/Group-1-1.svg\",\"contentUrl\":\"https:\\\/\\\/athensyachts.gr\\\/wp-content\\\/uploads\\\/2024\\\/03\\\/Group-1-1.svg\",\"width\":223,\"height\":76,\"caption\":\"athensyachts\"},\"image\":{\"@id\":\"https:\\\/\\\/athensyachts.gr\\\/#\\\/schema\\\/logo\\\/image\\\/\"}}]}<\/script>\n<!-- \/ Yoast SEO plugin. -->","yoast_head_json":{"title":"A propos de nous - athensyachts","robots":{"index":"index","follow":"follow","max-snippet":"max-snippet:-1","max-image-preview":"max-image-preview:large","max-video-preview":"max-video-preview:-1"},"canonical":"https:\/\/athensyachts.gr\/fr\/a-propos-de-nous\/","og_locale":"fr_FR","og_type":"article","og_title":"A propos de nous - athensyachts","og_description":"Servir les clients avecl&rsquo;excellence depuis plus deplus de 35 ans Contactez nous La strat\u00e9gie de notre entreprise consiste \u00e0 privil\u00e9gier la qualit\u00e9 et un service de premier ordre, et \u00e0 vous offrir une exp\u00e9rience sur mesure, adapt\u00e9e \u00e0 vos besoins. Notre professionnalisme nous permet de vous offrir tout ce qui est n\u00e9cessaire \u00e0 une exp\u00e9rience [&hellip;]","og_url":"https:\/\/athensyachts.gr\/fr\/a-propos-de-nous\/","og_site_name":"athensyachts","article_modified_time":"2026-02-04T19:05:10+00:00","og_image":[{"url":"https:\/\/athensyachts.gr\/wp-content\/uploads\/2024\/05\/Rectangle-18.jpg","type":"","width":"","height":""}],"twitter_card":"summary_large_image","twitter_misc":{"Dur\u00e9e de lecture estim\u00e9e":"9 minutes"},"schema":{"@context":"https:\/\/schema.org","@graph":[{"@type":"WebPage","@id":"https:\/\/athensyachts.gr\/fr\/a-propos-de-nous\/","url":"https:\/\/athensyachts.gr\/fr\/a-propos-de-nous\/","name":"A propos de nous - athensyachts","isPartOf":{"@id":"https:\/\/athensyachts.gr\/#website"},"primaryImageOfPage":{"@id":"https:\/\/athensyachts.gr\/fr\/a-propos-de-nous\/#primaryimage"},"image":{"@id":"https:\/\/athensyachts.gr\/fr\/a-propos-de-nous\/#primaryimage"},"thumbnailUrl":"https:\/\/athensyachts.gr\/wp-content\/uploads\/2024\/05\/Rectangle-18.jpg","datePublished":"2024-05-01T10:02:55+00:00","dateModified":"2026-02-04T19:05:10+00:00","breadcrumb":{"@id":"https:\/\/athensyachts.gr\/fr\/a-propos-de-nous\/#breadcrumb"},"inLanguage":"fr-FR","potentialAction":[{"@type":"ReadAction","target":["https:\/\/athensyachts.gr\/fr\/a-propos-de-nous\/"]}]},{"@type":"ImageObject","inLanguage":"fr-FR","@id":"https:\/\/athensyachts.gr\/fr\/a-propos-de-nous\/#primaryimage","url":"https:\/\/athensyachts.gr\/wp-content\/uploads\/2024\/05\/Rectangle-18.jpg","contentUrl":"https:\/\/athensyachts.gr\/wp-content\/uploads\/2024\/05\/Rectangle-18.jpg"},{"@type":"BreadcrumbList","@id":"https:\/\/athensyachts.gr\/fr\/a-propos-de-nous\/#breadcrumb","itemListElement":[{"@type":"ListItem","position":1,"name":"Home","item":"https:\/\/athensyachts.gr\/fr\/"},{"@type":"ListItem","position":2,"name":"A propos de nous"}]},{"@type":"WebSite","@id":"https:\/\/athensyachts.gr\/#website","url":"https:\/\/athensyachts.gr\/","name":"athensyachts","description":"","publisher":{"@id":"https:\/\/athensyachts.gr\/#organization"},"potentialAction":[{"@type":"SearchAction","target":{"@type":"EntryPoint","urlTemplate":"https:\/\/athensyachts.gr\/?s={search_term_string}"},"query-input":{"@type":"PropertyValueSpecification","valueRequired":true,"valueName":"search_term_string"}}],"inLanguage":"fr-FR"},{"@type":"Organization","@id":"https:\/\/athensyachts.gr\/#organization","name":"athensyachts","url":"https:\/\/athensyachts.gr\/","logo":{"@type":"ImageObject","inLanguage":"fr-FR","@id":"https:\/\/athensyachts.gr\/#\/schema\/logo\/image\/","url":"https:\/\/athensyachts.gr\/wp-content\/uploads\/2024\/03\/Group-1-1.svg","contentUrl":"https:\/\/athensyachts.gr\/wp-content\/uploads\/2024\/03\/Group-1-1.svg","width":223,"height":76,"caption":"athensyachts"},"image":{"@id":"https:\/\/athensyachts.gr\/#\/schema\/logo\/image\/"}}]}},"_links":{"self":[{"href":"https:\/\/athensyachts.gr\/fr\/wp-json\/wp\/v2\/pages\/3849","targetHints":{"allow":["GET"]}}],"collection":[{"href":"https:\/\/athensyachts.gr\/fr\/wp-json\/wp\/v2\/pages"}],"about":[{"href":"https:\/\/athensyachts.gr\/fr\/wp-json\/wp\/v2\/types\/page"}],"author":[{"embeddable":true,"href":"https:\/\/athensyachts.gr\/fr\/wp-json\/wp\/v2\/users\/1"}],"replies":[{"embeddable":true,"href":"https:\/\/athensyachts.gr\/fr\/wp-json\/wp\/v2\/comments?post=3849"}],"version-history":[{"count":34,"href":"https:\/\/athensyachts.gr\/fr\/wp-json\/wp\/v2\/pages\/3849\/revisions"}],"predecessor-version":[{"id":9440,"href":"https:\/\/athensyachts.gr\/fr\/wp-json\/wp\/v2\/pages\/3849\/revisions\/9440"}],"wp:attachment":[{"href":"https:\/\/athensyachts.gr\/fr\/wp-json\/wp\/v2\/media?parent=3849"}],"curies":[{"name":"wp","href":"https:\/\/api.w.org\/{rel}","templated":true}]}}